{"id":3451,"date":"2024-10-16T16:55:02","date_gmt":"2024-10-16T16:55:02","guid":{"rendered":"https:\/\/www.bowmantaxmoot.com\/?page_id=3451"},"modified":"2024-10-16T16:55:03","modified_gmt":"2024-10-16T16:55:03","slug":"participants-du-concours-bowman-2024","status":"publish","type":"page","link":"https:\/\/www.bowmantaxmoot.com\/fr\/participants-du-concours-bowman\/participants-du-concours-bowman-2024\/","title":{"rendered":"Participants du concours Bowman 2024"},"content":{"rendered":"\n<p><strong>Alberta (University of) &#8211; \u00c9quipe 15<\/strong><\/p>\n\n\n\n<p>Appelant: Matthew Ryan &amp; Purvi Dhaliwal<\/p>\n\n\n\n<p>Intim\u00e9: Alexandra Zvanovec &amp; Mneet Sidhu<\/p>\n\n\n\n<p><strong>British Columbia (University of), Allard School of Law \u2013 \u00c9quipe 3<\/strong><\/p>\n\n\n\n<p>Appelant: Katrina Bois &amp; Scott Gilpin<\/p>\n\n\n\n<p>Intim\u00e9: Edmond Weng &amp; Hilary Ta<\/p>\n\n\n\n<p><strong>Calgary (University of) \u2013 \u00c9quipe 11<\/strong><\/p>\n\n\n\n<p>Appelant: Imoreshi Dania &amp; McKenzie Martyn<\/p>\n\n\n\n<p>Intim\u00e9: Matthew Moody &amp; Wen Zhao<\/p>\n\n\n\n<p><strong>Dalhousie University \u2013 \u00c9quipe 6<\/strong><\/p>\n\n\n\n<p>Appelant: Michael Cormier &amp; Sashin Narayan<\/p>\n\n\n\n<p>Intim\u00e9: Amy Pettigrew &amp; Harpr Metler<\/p>\n\n\n\n<p><strong>Manitoba (University of) \u2013 \u00c9quipe 7<\/strong><\/p>\n\n\n\n<p>Appelant: Calvin Ediger &amp; Isha Khandelwal<\/p>\n\n\n\n<p>Intim\u00e9: Abiel Kwok &amp; Jenny Bi<\/p>\n\n\n\n<p><strong>Montr\u00e9al (Universit\u00e9 de) \u2013 \u00c9quipe 14<\/strong><\/p>\n\n\n\n<p>Appelant: Jordan Rancourt &amp; Zo\u00e9 Bourcy<\/p>\n\n\n\n<p>Intim\u00e9: David Friedman &amp; Hou Han Zhang<\/p>\n\n\n\n<p><strong>New Brunswick (University of) \u2013 \u00c9quipe 13<\/strong><\/p>\n\n\n\n<p>Appelant: Ayana Kawe &amp; Reza Aghazadeh<\/p>\n\n\n\n<p>Intim\u00e9: Geneva Reid &amp; Jason Foster<\/p>\n\n\n\n<p><strong>Osgoode Hall Law School, York University \u2013 \u00c9quipe 2<\/strong><\/p>\n\n\n\n<p>Appelant: Lu (Luke) Chao &amp; Zhongan (David) Zhang<\/p>\n\n\n\n<p>Intim\u00e9: Alexander Gall &amp; Zane Nasir<\/p>\n\n\n\n<p><strong>Ottawa (University of) \u2013 \u00c9quipe 5<\/strong><\/p>\n\n\n\n<p>Appelant: Kristina Schmuttermeier &amp; Natalie Kopstals<\/p>\n\n\n\n<p>Intim\u00e9: Jasjeet Dhaliwal &amp; Thomas Wagner<\/p>\n\n\n\n<p><strong>Queen\u2019s University \u2013 \u00c9quipe 1<\/strong><\/p>\n\n\n\n<p>Appelant: Ari Derohanesian &amp; Jeff MacPherson<\/p>\n\n\n\n<p>Intim\u00e9: Liam Day &amp; Yash Chavda<\/p>\n\n\n\n<p><strong>Saskatchewan (University of) \u2013 \u00c9quipe 8<\/strong><\/p>\n\n\n\n<p>Appelant: Emily Zunti &amp; Sally Maeng<\/p>\n\n\n\n<p>Intim\u00e9: Fatima Ahmed &amp; Taran Salh<\/p>\n\n\n\n<p><strong>Sherbrooke (Universit\u00e9 de) \u2013 \u00c9quipe 9<\/strong><\/p>\n\n\n\n<p>Appelant: \u00c9milie B\u00e9langer &amp; Genevi\u00e8ve B\u00e9dard<\/p>\n\n\n\n<p>Intim\u00e9: \u00c9lisa-Coumba Diongue &amp; Lauriane Sylvain<\/p>\n\n\n\n<p><strong>Toronto Metropolitan University (Lincoln Alexander) \u2013 \u00c9quipe 4<\/strong><\/p>\n\n\n\n<p>Appelant: Michael Silstone &amp; Zain Ahmed<\/p>\n\n\n\n<p>Intim\u00e9: Ethan Pereira &amp; Muskan Balagan<\/p>\n\n\n\n<p><strong>Toronto (University of) \u2013 \u00c9quipe 10<\/strong><\/p>\n\n\n\n<p>Appelant: Jeffrey Liu &amp; Taylor Rodrigues<\/p>\n\n\n\n<p>Intim\u00e9: Nina Varghese &amp; Yinzi Gao<\/p>\n\n\n\n<p><strong>Western University \u2013 \u00c9quipe 16<\/strong><\/p>\n\n\n\n<p>Appelant: Damian Rostoski &amp; Malcom McCarron<\/p>\n\n\n\n<p>Intim\u00e9: Caitlin Clouthier &amp; Victor Ulitin<\/p>\n\n\n\n<p><strong>Windsor (University of) \u2013 \u00c9quipe 12<\/strong><\/p>\n\n\n\n<p>Appelant: Luka Vujic &amp; Max Musyj<\/p>\n\n\n\n<p>Intim\u00e9: John Finley &amp; Kiana Malizia<\/p>\n\n\n    <div class=\"entry-share-bottom\">\n        <a target=\"_blank\" class=\"share-facebook\" href=\"https:\/\/www.facebook.com\/sharer.php?u=https:\/\/www.bowmantaxmoot.com\/fr\/participants-du-concours-bowman\/participants-du-concours-bowman-2024\/\">\n            Share on Facebook        <\/a>\n        <a target=\"_blank\" class=\"share-twitter\" href=\"https:\/\/twitter.com\/intent\/tweet?url=https:\/\/www.bowmantaxmoot.com\/fr\/participants-du-concours-bowman\/participants-du-concours-bowman-2024\/\">\n            Share on Twitter        <\/a>\n        <a target=\"_blank\" class=\"share-email\" href=\"mailto:?subject=I%20thought%20you%20would%20enjoy%20this&#038;body=Participants+du+concours+Bowman+2024%0D%0Ahttps:\/\/www.bowmantaxmoot.com\/fr\/participants-du-concours-bowman\/participants-du-concours-bowman-2024\/\">\n            Share via email        <\/a>\n        <a target=\"_blank\" class=\"share-linkedin\" href=\"https:\/\/www.linkedin.com\/shareArticle?mini=true&#038;url=https:\/\/www.bowmantaxmoot.com\/fr\/participants-du-concours-bowman\/participants-du-concours-bowman-2024\/&#038;title=Participants+du+concours+Bowman+2024&#038;summary=Alberta+%28University+of%29+%26%238211%3B+%C3%89quipe+15+Appelant%3A+Matthew+Ryan+%26amp%3B+Purvi+Dhaliwal+Intim%C3%A9%3A+Alexandra+Zvanovec+%26amp%3B+Mneet+Sidhu+British+Columbia+%5B%26hellip%3B%5D\">\n            Share on LinkedIn        <\/a>\n    <\/div>\n        <div class=\"site-block\" id=\"cta-block_7b0f52263de67aadcda83b942868a708\">\n        <div class=\"cta-container\">\n            <div class=\"cta-content\">\n                <div class=\"content-heading\">View Dentons&#8217; capabilities on<\/div>\n                <div class=\"content-subheading\">Tax in Canada<\/div>\n            <\/div>\n            <div class=\"cta-button\">\n                <div class=\"content-button_text\">\n                    <a target=\"_blank\" href=\"https:\/\/www.dentons.com\/en\/find-your-dentons-team\/practices\/tax\/regional-practices\/tax-in-canada\">Visit<\/a>\n                <\/div>\n            <\/div>\n        <\/div>\n    <\/div>\n","protected":false},"excerpt":{"rendered":"<p>Alberta (University of) &#8211; \u00c9quipe 15 Appelant: Matthew Ryan &amp; Purvi Dhaliwal Intim\u00e9: Alexandra Zvanovec &amp; Mneet Sidhu British Columbia [&hellip;]<\/p>\n","protected":false},"author":195,"featured_media":0,"parent":2658,"menu_order":0,"comment_status":"closed","ping_status":"closed","template":"","meta":{"_acf_changed":false,"footnotes":""},"class_list":["post-3451","page","type-page","status-publish","hentry","entry"],"acf":[],"yoast_head":"<!-- This site is optimized with the Yoast SEO plugin v27.4 - https:\/\/yoast.com\/product\/yoast-seo-wordpress\/ -->\n<title>Participants du concours Bowman 2024 - Concours national de plaidoirie en droit fiscal Donald G.H. Bowman<\/title>\n<meta name=\"robots\" content=\"index, follow, max-snippet:-1, max-image-preview:large, max-video-preview:-1\" \/>\n<link rel=\"canonical\" href=\"https:\/\/www.bowmantaxmoot.com\/fr\/participants-du-concours-bowman\/participants-du-concours-bowman-2024\/\" \/>\n<meta property=\"og:locale\" content=\"fr_FR\" \/>\n<meta property=\"og:type\" content=\"article\" \/>\n<meta property=\"og:title\" content=\"Participants du concours Bowman 2024 - Concours national de plaidoirie en droit fiscal Donald G.H. Bowman\" \/>\n<meta property=\"og:description\" content=\"Alberta (University of) &#8211; \u00c9quipe 15 Appelant: Matthew Ryan &amp; Purvi Dhaliwal Intim\u00e9: Alexandra Zvanovec &amp; Mneet Sidhu British Columbia [&hellip;]\" \/>\n<meta property=\"og:url\" content=\"https:\/\/www.bowmantaxmoot.com\/fr\/participants-du-concours-bowman\/participants-du-concours-bowman-2024\/\" \/>\n<meta property=\"og:site_name\" content=\"Concours national de plaidoirie en droit fiscal Donald G.H. Bowman\" \/>\n<meta property=\"article:modified_time\" content=\"2024-10-16T16:55:03+00:00\" \/>\n<meta property=\"og:image\" content=\"https:\/\/www.bowmantaxmoot.com\/wp-content\/uploads\/2020\/03\/winner-1-1-scaled.jpg\" \/>\n\t<meta property=\"og:image:width\" content=\"2560\" \/>\n\t<meta property=\"og:image:height\" content=\"1706\" \/>\n\t<meta property=\"og:image:type\" content=\"image\/jpeg\" \/>\n<meta name=\"twitter:card\" content=\"summary_large_image\" \/>\n<meta name=\"twitter:label1\" content=\"Est. reading time\" \/>\n\t<meta name=\"twitter:data1\" content=\"2 minutes\" \/>\n<script type=\"application\/ld+json\" class=\"yoast-schema-graph\">{\"@context\":\"https:\\\/\\\/schema.org\",\"@graph\":[{\"@type\":\"WebPage\",\"@id\":\"https:\\\/\\\/www.bowmantaxmoot.com\\\/fr\\\/participants-du-concours-bowman\\\/participants-du-concours-bowman-2024\\\/\",\"url\":\"https:\\\/\\\/www.bowmantaxmoot.com\\\/fr\\\/participants-du-concours-bowman\\\/participants-du-concours-bowman-2024\\\/\",\"name\":\"Participants du concours Bowman 2024 - Concours national de plaidoirie en droit fiscal Donald G.H. Bowman\",\"isPartOf\":{\"@id\":\"https:\\\/\\\/www.bowmantaxmoot.com\\\/#website\"},\"datePublished\":\"2024-10-16T16:55:02+00:00\",\"dateModified\":\"2024-10-16T16:55:03+00:00\",\"breadcrumb\":{\"@id\":\"https:\\\/\\\/www.bowmantaxmoot.com\\\/fr\\\/participants-du-concours-bowman\\\/participants-du-concours-bowman-2024\\\/#breadcrumb\"},\"inLanguage\":\"fr-FR\",\"potentialAction\":[{\"@type\":\"ReadAction\",\"target\":[\"https:\\\/\\\/www.bowmantaxmoot.com\\\/fr\\\/participants-du-concours-bowman\\\/participants-du-concours-bowman-2024\\\/\"]}]},{\"@type\":\"BreadcrumbList\",\"@id\":\"https:\\\/\\\/www.bowmantaxmoot.com\\\/fr\\\/participants-du-concours-bowman\\\/participants-du-concours-bowman-2024\\\/#breadcrumb\",\"itemListElement\":[{\"@type\":\"ListItem\",\"position\":1,\"name\":\"Home\",\"item\":\"https:\\\/\\\/www.bowmantaxmoot.com\\\/fr\\\/home\\\/\"},{\"@type\":\"ListItem\",\"position\":2,\"name\":\"Participants du concours Bowman\",\"item\":\"https:\\\/\\\/www.bowmantaxmoot.com\\\/fr\\\/participants-du-concours-bowman\\\/\"},{\"@type\":\"ListItem\",\"position\":3,\"name\":\"Participants du concours Bowman 2024\"}]},{\"@type\":\"WebSite\",\"@id\":\"https:\\\/\\\/www.bowmantaxmoot.com\\\/#website\",\"url\":\"https:\\\/\\\/www.bowmantaxmoot.com\\\/\",\"name\":\"Concours national de plaidoirie en droit fiscal Donald G.H. Bowman\",\"description\":\"6 mars \u2013 7 mars 2026 \u00b7 Pr\u00e9sent\u00e9 par Dentons\",\"publisher\":{\"@id\":\"https:\\\/\\\/www.bowmantaxmoot.com\\\/#organization\"},\"potentialAction\":[{\"@type\":\"SearchAction\",\"target\":{\"@type\":\"EntryPoint\",\"urlTemplate\":\"https:\\\/\\\/www.bowmantaxmoot.com\\\/?s={search_term_string}\"},\"query-input\":{\"@type\":\"PropertyValueSpecification\",\"valueRequired\":true,\"valueName\":\"search_term_string\"}}],\"inLanguage\":\"fr-FR\"},{\"@type\":\"Organization\",\"@id\":\"https:\\\/\\\/www.bowmantaxmoot.com\\\/#organization\",\"name\":\"Dentons\",\"url\":\"https:\\\/\\\/www.bowmantaxmoot.com\\\/\",\"logo\":{\"@type\":\"ImageObject\",\"inLanguage\":\"fr-FR\",\"@id\":\"https:\\\/\\\/www.bowmantaxmoot.com\\\/#\\\/schema\\\/logo\\\/image\\\/\",\"url\":\"https:\\\/\\\/www.bowmantaxmoot.com\\\/wp-content\\\/uploads\\\/2020\\\/10\\\/Dentons_Logo_Purple_RGB_150.png\",\"contentUrl\":\"https:\\\/\\\/www.bowmantaxmoot.com\\\/wp-content\\\/uploads\\\/2020\\\/10\\\/Dentons_Logo_Purple_RGB_150.png\",\"width\":240,\"height\":46,\"caption\":\"Dentons\"},\"image\":{\"@id\":\"https:\\\/\\\/www.bowmantaxmoot.com\\\/#\\\/schema\\\/logo\\\/image\\\/\"}}]}<\/script>\n<!-- \/ Yoast SEO plugin. -->","yoast_head_json":{"title":"Participants du concours Bowman 2024 - Concours national de plaidoirie en droit fiscal Donald G.H. Bowman","robots":{"index":"index","follow":"follow","max-snippet":"max-snippet:-1","max-image-preview":"max-image-preview:large","max-video-preview":"max-video-preview:-1"},"canonical":"https:\/\/www.bowmantaxmoot.com\/fr\/participants-du-concours-bowman\/participants-du-concours-bowman-2024\/","og_locale":"fr_FR","og_type":"article","og_title":"Participants du concours Bowman 2024 - Concours national de plaidoirie en droit fiscal Donald G.H. Bowman","og_description":"Alberta (University of) &#8211; \u00c9quipe 15 Appelant: Matthew Ryan &amp; Purvi Dhaliwal Intim\u00e9: Alexandra Zvanovec &amp; Mneet Sidhu British Columbia [&hellip;]","og_url":"https:\/\/www.bowmantaxmoot.com\/fr\/participants-du-concours-bowman\/participants-du-concours-bowman-2024\/","og_site_name":"Concours national de plaidoirie en droit fiscal Donald G.H. Bowman","article_modified_time":"2024-10-16T16:55:03+00:00","og_image":[{"width":2560,"height":1706,"url":"https:\/\/www.bowmantaxmoot.com\/wp-content\/uploads\/2020\/03\/winner-1-1-scaled.jpg","type":"image\/jpeg"}],"twitter_card":"summary_large_image","twitter_misc":{"Est. reading time":"2 minutes"},"schema":{"@context":"https:\/\/schema.org","@graph":[{"@type":"WebPage","@id":"https:\/\/www.bowmantaxmoot.com\/fr\/participants-du-concours-bowman\/participants-du-concours-bowman-2024\/","url":"https:\/\/www.bowmantaxmoot.com\/fr\/participants-du-concours-bowman\/participants-du-concours-bowman-2024\/","name":"Participants du concours Bowman 2024 - Concours national de plaidoirie en droit fiscal Donald G.H. Bowman","isPartOf":{"@id":"https:\/\/www.bowmantaxmoot.com\/#website"},"datePublished":"2024-10-16T16:55:02+00:00","dateModified":"2024-10-16T16:55:03+00:00","breadcrumb":{"@id":"https:\/\/www.bowmantaxmoot.com\/fr\/participants-du-concours-bowman\/participants-du-concours-bowman-2024\/#breadcrumb"},"inLanguage":"fr-FR","potentialAction":[{"@type":"ReadAction","target":["https:\/\/www.bowmantaxmoot.com\/fr\/participants-du-concours-bowman\/participants-du-concours-bowman-2024\/"]}]},{"@type":"BreadcrumbList","@id":"https:\/\/www.bowmantaxmoot.com\/fr\/participants-du-concours-bowman\/participants-du-concours-bowman-2024\/#breadcrumb","itemListElement":[{"@type":"ListItem","position":1,"name":"Home","item":"https:\/\/www.bowmantaxmoot.com\/fr\/home\/"},{"@type":"ListItem","position":2,"name":"Participants du concours Bowman","item":"https:\/\/www.bowmantaxmoot.com\/fr\/participants-du-concours-bowman\/"},{"@type":"ListItem","position":3,"name":"Participants du concours Bowman 2024"}]},{"@type":"WebSite","@id":"https:\/\/www.bowmantaxmoot.com\/#website","url":"https:\/\/www.bowmantaxmoot.com\/","name":"Concours national de plaidoirie en droit fiscal Donald G.H. Bowman","description":"6 mars \u2013 7 mars 2026 \u00b7 Pr\u00e9sent\u00e9 par Dentons","publisher":{"@id":"https:\/\/www.bowmantaxmoot.com\/#organization"},"potentialAction":[{"@type":"SearchAction","target":{"@type":"EntryPoint","urlTemplate":"https:\/\/www.bowmantaxmoot.com\/?s={search_term_string}"},"query-input":{"@type":"PropertyValueSpecification","valueRequired":true,"valueName":"search_term_string"}}],"inLanguage":"fr-FR"},{"@type":"Organization","@id":"https:\/\/www.bowmantaxmoot.com\/#organization","name":"Dentons","url":"https:\/\/www.bowmantaxmoot.com\/","logo":{"@type":"ImageObject","inLanguage":"fr-FR","@id":"https:\/\/www.bowmantaxmoot.com\/#\/schema\/logo\/image\/","url":"https:\/\/www.bowmantaxmoot.com\/wp-content\/uploads\/2020\/10\/Dentons_Logo_Purple_RGB_150.png","contentUrl":"https:\/\/www.bowmantaxmoot.com\/wp-content\/uploads\/2020\/10\/Dentons_Logo_Purple_RGB_150.png","width":240,"height":46,"caption":"Dentons"},"image":{"@id":"https:\/\/www.bowmantaxmoot.com\/#\/schema\/logo\/image\/"}}]}},"_links":{"self":[{"href":"https:\/\/www.bowmantaxmoot.com\/fr\/wp-json\/wp\/v2\/pages\/3451","targetHints":{"allow":["GET"]}}],"collection":[{"href":"https:\/\/www.bowmantaxmoot.com\/fr\/wp-json\/wp\/v2\/pages"}],"about":[{"href":"https:\/\/www.bowmantaxmoot.com\/fr\/wp-json\/wp\/v2\/types\/page"}],"author":[{"embeddable":true,"href":"https:\/\/www.bowmantaxmoot.com\/fr\/wp-json\/wp\/v2\/users\/195"}],"replies":[{"embeddable":true,"href":"https:\/\/www.bowmantaxmoot.com\/fr\/wp-json\/wp\/v2\/comments?post=3451"}],"version-history":[{"count":1,"href":"https:\/\/www.bowmantaxmoot.com\/fr\/wp-json\/wp\/v2\/pages\/3451\/revisions"}],"predecessor-version":[{"id":3452,"href":"https:\/\/www.bowmantaxmoot.com\/fr\/wp-json\/wp\/v2\/pages\/3451\/revisions\/3452"}],"up":[{"embeddable":true,"href":"https:\/\/www.bowmantaxmoot.com\/fr\/wp-json\/wp\/v2\/pages\/2658"}],"wp:attachment":[{"href":"https:\/\/www.bowmantaxmoot.com\/fr\/wp-json\/wp\/v2\/media?parent=3451"}],"curies":[{"name":"wp","href":"https:\/\/api.w.org\/{rel}","templated":true}]}}