{"id":2810,"date":"2021-03-01T16:07:31","date_gmt":"2021-03-01T16:07:31","guid":{"rendered":"http:\/\/www.bowmantaxmoot.com\/?page_id=2810"},"modified":"2021-03-02T02:30:46","modified_gmt":"2021-03-02T02:30:46","slug":"participants-du-concours-bowman-2021","status":"publish","type":"page","link":"https:\/\/www.bowmantaxmoot.com\/fr\/participants-du-concours-bowman\/participants-du-concours-bowman-2021\/","title":{"rendered":"Participants du concours Bowman 2021"},"content":{"rendered":"\n<p><strong>Alberta (University of) \u2013 \u00c9quipe 8<\/strong><\/p>\n\n\n\n<p>Appelant: Natasha Tymchuk et Prabhjot Punnia<\/p>\n\n\n\n<p>Intim\u00e9: Yan Gao et Olivia Wang<\/p>\n\n\n\n<p><strong>British Columbia (University of), Allard School of Law \u2013 \u00c9quipe 14<\/strong><\/p>\n\n\n\n<p>Appelant: Mudit Jain et Chelsea Colwill<\/p>\n\n\n\n<p>Intim\u00e9: Bryan Knopf et Connor Punch<\/p>\n\n\n\n<p><strong>Calgary (University of) \u2013 \u00c9quipe 4<\/strong><\/p>\n\n\n\n<p>Appelant: Zackary Kirsch et Kara Cao<\/p>\n\n\n\n<p>Intim\u00e9: Ana Cherniak-Kennedy et Jesse Stilwell<\/p>\n\n\n\n<p><strong>Dalhousie University \u2013 \u00c9quipe 12<\/strong><\/p>\n\n\n\n<p>Appelant: Laura Burlock et Christopher Mallard<\/p>\n\n\n\n<p>Intim\u00e9: Alanna Meyer et Samuel Beuerle<\/p>\n\n\n\n<p><strong>Manitoba (University of) \u2013 \u00c9quipe 11<\/strong><\/p>\n\n\n\n<p>Appelant: Allison Kilgour et David Barbour<\/p>\n\n\n\n<p>Intim\u00e9: Jayelle Friesen et Mark Packulak<\/p>\n\n\n\n<p><strong>Montr\u00e9al (Universit\u00e9 de) \u2013 \u00c9quipe 15<\/strong><\/p>\n\n\n\n<p>Appelant: Alexeter Rougas et Yu Chen Ding<\/p>\n\n\n\n<p>Intim\u00e9: Jin Ge Li et Valentina Danielova Gueorguieva<\/p>\n\n\n\n<p><strong>New Brunswick (University of) \u2013 \u00c9quipe 9<\/strong><\/p>\n\n\n\n<p>Appelant: Blaine Cowan et Lucas Savini<\/p>\n\n\n\n<p>Intim\u00e9: Josh Merrigan et Stuart Wallace<\/p>\n\n\n\n<p><strong>Osgoode Hall Law School, York University \u2013 \u00c9quipe 7<\/strong><\/p>\n\n\n\n<p>Appelant: Portia Biswas et William Wilson<\/p>\n\n\n\n<p>Intim\u00e9: Solomiya Zakharchuk et Daniel Mount<\/p>\n\n\n\n<p><strong>Ottawa (University of) \u2013 \u00c9quipe 6<\/strong><\/p>\n\n\n\n<p>Appelant: Hyrum Sutton et Marissa Young<\/p>\n\n\n\n<p>Intim\u00e9: Mona Shadid et Scarlett Forest<\/p>\n\n\n\n<p><strong>Queen&#8217;s University \u2013 \u00c9quipe 16<\/strong><\/p>\n\n\n\n<p>Appelant: Caine Chapman et Katarina Wasielewski<\/p>\n\n\n\n<p>Intim\u00e9: Meg Malakian et Steven Kelly<\/p>\n\n\n\n<p><strong>Saskatchewan (University of) \u2013 \u00c9quipe 1<\/strong><\/p>\n\n\n\n<p>Appelant: Mark Berlin et Tim Haggstrom<\/p>\n\n\n\n<p>Intim\u00e9: Emma Ashworth et Jesse Stanich<\/p>\n\n\n\n<p><strong>Sherbrooke (Universit\u00e9 de) \u2013 \u00c9quipe 13<\/strong><\/p>\n\n\n\n<p>Appelant&nbsp;: Magalie Roux et No\u00e9mie Perrault<\/p>\n\n\n\n<p>Intim\u00e9&nbsp;: Vincent Beaupr\u00e9 et Am\u00e9lie Greene<\/p>\n\n\n\n<p><strong>Thompson Rivers University \u2013 \u00c9quipe 2<\/strong><\/p>\n\n\n\n<p>Appelant: Kiran Mangat et Simran Oberoi<\/p>\n\n\n\n<p>Intim\u00e9: Alisha Dhanjal et Jatinder Singh Gill<\/p>\n\n\n\n<p><strong>Toronto (University of) \u2013 \u00c9quipe 3<\/strong><\/p>\n\n\n\n<p>Appelant: Hannah Bourgeois et Caroline Harrell<\/p>\n\n\n\n<p>Intim\u00e9: Thien Hoang et Lynne Westerhof<\/p>\n\n\n\n<p><strong>Western University \u2013 \u00c9quipe 5<\/strong><\/p>\n\n\n\n<p>Appelant: Jacob Williams et Mark Schumacher<\/p>\n\n\n\n<p>Intim\u00e9: Julia Villeneuve et Chris Merrilees<\/p>\n\n\n\n<p><strong>Windsor (University of) \u2013 \u00c9quipe 10<\/strong><\/p>\n\n\n\n<p>Appelant: Sidney Brejak et Jennifer Lee<\/p>\n\n\n\n<p>Intim\u00e9: Jonathan Wakelin et Adam Thibert<\/p>\n\n\n    <div class=\"entry-share-bottom\">\n        <a target=\"_blank\" class=\"share-facebook\" href=\"https:\/\/www.facebook.com\/sharer.php?u=https:\/\/www.bowmantaxmoot.com\/fr\/participants-du-concours-bowman\/participants-du-concours-bowman-2021\/\">\n            Share on Facebook        <\/a>\n        <a target=\"_blank\" class=\"share-twitter\" href=\"https:\/\/twitter.com\/intent\/tweet?url=https:\/\/www.bowmantaxmoot.com\/fr\/participants-du-concours-bowman\/participants-du-concours-bowman-2021\/\">\n            Share on Twitter        <\/a>\n        <a target=\"_blank\" class=\"share-email\" href=\"mailto:?subject=I%20thought%20you%20would%20enjoy%20this&#038;body=Participants+du+concours+Bowman+2021%0D%0Ahttps:\/\/www.bowmantaxmoot.com\/fr\/participants-du-concours-bowman\/participants-du-concours-bowman-2021\/\">\n            Share via email        <\/a>\n        <a target=\"_blank\" class=\"share-linkedin\" href=\"https:\/\/www.linkedin.com\/shareArticle?mini=true&#038;url=https:\/\/www.bowmantaxmoot.com\/fr\/participants-du-concours-bowman\/participants-du-concours-bowman-2021\/&#038;title=Participants+du+concours+Bowman+2021&#038;summary=Alberta+%28University+of%29+%E2%80%93+%C3%89quipe+8+Appelant%3A+Natasha+Tymchuk+et+Prabhjot+Punnia+Intim%C3%A9%3A+Yan+Gao+et+Olivia+Wang+British+Columbia+%5B%26hellip%3B%5D\">\n            Share on LinkedIn        <\/a>\n    <\/div>\n        <div class=\"site-block\" id=\"cta-block_603d1119dfee3\">\n        <div class=\"cta-container\">\n            <div class=\"cta-content\">\n                <div class=\"content-heading\">View Dentons&#8217; capabilities on<\/div>\n                <div class=\"content-subheading\">Tax in Canada<\/div>\n            <\/div>\n            <div class=\"cta-button\">\n                <div class=\"content-button_text\">\n                    <a target=\"_blank\" href=\"https:\/\/www.dentons.com\/en\/find-your-dentons-team\/practices\/tax\/regional-practices\/tax-in-canada\">Visit<\/a>\n                <\/div>\n            <\/div>\n        <\/div>\n    <\/div>\n","protected":false},"excerpt":{"rendered":"<p>Alberta (University of) \u2013 \u00c9quipe 8 Appelant: Natasha Tymchuk et Prabhjot Punnia Intim\u00e9: Yan Gao et Olivia Wang British Columbia [&hellip;]<\/p>\n","protected":false},"author":193,"featured_media":0,"parent":2658,"menu_order":0,"comment_status":"closed","ping_status":"closed","template":"","meta":{"_acf_changed":false,"footnotes":""},"class_list":["post-2810","page","type-page","status-publish","hentry","entry"],"acf":[],"yoast_head":"<!-- This site is optimized with the Yoast SEO plugin v27.4 - https:\/\/yoast.com\/product\/yoast-seo-wordpress\/ -->\n<title>Participants du concours Bowman 2021 - Concours national de plaidoirie en droit fiscal Donald G.H. Bowman<\/title>\n<meta name=\"robots\" content=\"index, follow, max-snippet:-1, max-image-preview:large, max-video-preview:-1\" \/>\n<link rel=\"canonical\" href=\"https:\/\/www.bowmantaxmoot.com\/fr\/participants-du-concours-bowman\/participants-du-concours-bowman-2021\/\" \/>\n<meta property=\"og:locale\" content=\"fr_FR\" \/>\n<meta property=\"og:type\" content=\"article\" \/>\n<meta property=\"og:title\" content=\"Participants du concours Bowman 2021 - Concours national de plaidoirie en droit fiscal Donald G.H. Bowman\" \/>\n<meta property=\"og:description\" content=\"Alberta (University of) \u2013 \u00c9quipe 8 Appelant: Natasha Tymchuk et Prabhjot Punnia Intim\u00e9: Yan Gao et Olivia Wang British Columbia [&hellip;]\" \/>\n<meta property=\"og:url\" content=\"https:\/\/www.bowmantaxmoot.com\/fr\/participants-du-concours-bowman\/participants-du-concours-bowman-2021\/\" \/>\n<meta property=\"og:site_name\" content=\"Concours national de plaidoirie en droit fiscal Donald G.H. Bowman\" \/>\n<meta property=\"article:modified_time\" content=\"2021-03-02T02:30:46+00:00\" \/>\n<meta property=\"og:image\" content=\"https:\/\/www.bowmantaxmoot.com\/wp-content\/uploads\/2020\/03\/winner-1-1-scaled.jpg\" \/>\n\t<meta property=\"og:image:width\" content=\"2560\" \/>\n\t<meta property=\"og:image:height\" content=\"1706\" \/>\n\t<meta property=\"og:image:type\" content=\"image\/jpeg\" \/>\n<meta name=\"twitter:card\" content=\"summary_large_image\" \/>\n<meta name=\"twitter:label1\" content=\"Est. reading time\" \/>\n\t<meta name=\"twitter:data1\" content=\"2 minutes\" \/>\n<script type=\"application\/ld+json\" class=\"yoast-schema-graph\">{\"@context\":\"https:\\\/\\\/schema.org\",\"@graph\":[{\"@type\":\"WebPage\",\"@id\":\"https:\\\/\\\/www.bowmantaxmoot.com\\\/fr\\\/participants-du-concours-bowman\\\/participants-du-concours-bowman-2021\\\/\",\"url\":\"https:\\\/\\\/www.bowmantaxmoot.com\\\/fr\\\/participants-du-concours-bowman\\\/participants-du-concours-bowman-2021\\\/\",\"name\":\"Participants du concours Bowman 2021 - Concours national de plaidoirie en droit fiscal Donald G.H. Bowman\",\"isPartOf\":{\"@id\":\"https:\\\/\\\/www.bowmantaxmoot.com\\\/#website\"},\"datePublished\":\"2021-03-01T16:07:31+00:00\",\"dateModified\":\"2021-03-02T02:30:46+00:00\",\"breadcrumb\":{\"@id\":\"https:\\\/\\\/www.bowmantaxmoot.com\\\/fr\\\/participants-du-concours-bowman\\\/participants-du-concours-bowman-2021\\\/#breadcrumb\"},\"inLanguage\":\"fr-FR\",\"potentialAction\":[{\"@type\":\"ReadAction\",\"target\":[\"https:\\\/\\\/www.bowmantaxmoot.com\\\/fr\\\/participants-du-concours-bowman\\\/participants-du-concours-bowman-2021\\\/\"]}]},{\"@type\":\"BreadcrumbList\",\"@id\":\"https:\\\/\\\/www.bowmantaxmoot.com\\\/fr\\\/participants-du-concours-bowman\\\/participants-du-concours-bowman-2021\\\/#breadcrumb\",\"itemListElement\":[{\"@type\":\"ListItem\",\"position\":1,\"name\":\"Home\",\"item\":\"https:\\\/\\\/www.bowmantaxmoot.com\\\/fr\\\/home\\\/\"},{\"@type\":\"ListItem\",\"position\":2,\"name\":\"Participants du concours Bowman\",\"item\":\"https:\\\/\\\/www.bowmantaxmoot.com\\\/fr\\\/participants-du-concours-bowman\\\/\"},{\"@type\":\"ListItem\",\"position\":3,\"name\":\"Participants du concours Bowman 2021\"}]},{\"@type\":\"WebSite\",\"@id\":\"https:\\\/\\\/www.bowmantaxmoot.com\\\/#website\",\"url\":\"https:\\\/\\\/www.bowmantaxmoot.com\\\/\",\"name\":\"Concours national de plaidoirie en droit fiscal Donald G.H. Bowman\",\"description\":\"6 mars \u2013 7 mars 2026 \u00b7 Pr\u00e9sent\u00e9 par Dentons\",\"publisher\":{\"@id\":\"https:\\\/\\\/www.bowmantaxmoot.com\\\/#organization\"},\"potentialAction\":[{\"@type\":\"SearchAction\",\"target\":{\"@type\":\"EntryPoint\",\"urlTemplate\":\"https:\\\/\\\/www.bowmantaxmoot.com\\\/?s={search_term_string}\"},\"query-input\":{\"@type\":\"PropertyValueSpecification\",\"valueRequired\":true,\"valueName\":\"search_term_string\"}}],\"inLanguage\":\"fr-FR\"},{\"@type\":\"Organization\",\"@id\":\"https:\\\/\\\/www.bowmantaxmoot.com\\\/#organization\",\"name\":\"Dentons\",\"url\":\"https:\\\/\\\/www.bowmantaxmoot.com\\\/\",\"logo\":{\"@type\":\"ImageObject\",\"inLanguage\":\"fr-FR\",\"@id\":\"https:\\\/\\\/www.bowmantaxmoot.com\\\/#\\\/schema\\\/logo\\\/image\\\/\",\"url\":\"https:\\\/\\\/www.bowmantaxmoot.com\\\/wp-content\\\/uploads\\\/2020\\\/10\\\/Dentons_Logo_Purple_RGB_150.png\",\"contentUrl\":\"https:\\\/\\\/www.bowmantaxmoot.com\\\/wp-content\\\/uploads\\\/2020\\\/10\\\/Dentons_Logo_Purple_RGB_150.png\",\"width\":240,\"height\":46,\"caption\":\"Dentons\"},\"image\":{\"@id\":\"https:\\\/\\\/www.bowmantaxmoot.com\\\/#\\\/schema\\\/logo\\\/image\\\/\"}}]}<\/script>\n<!-- \/ Yoast SEO plugin. -->","yoast_head_json":{"title":"Participants du concours Bowman 2021 - Concours national de plaidoirie en droit fiscal Donald G.H. Bowman","robots":{"index":"index","follow":"follow","max-snippet":"max-snippet:-1","max-image-preview":"max-image-preview:large","max-video-preview":"max-video-preview:-1"},"canonical":"https:\/\/www.bowmantaxmoot.com\/fr\/participants-du-concours-bowman\/participants-du-concours-bowman-2021\/","og_locale":"fr_FR","og_type":"article","og_title":"Participants du concours Bowman 2021 - Concours national de plaidoirie en droit fiscal Donald G.H. Bowman","og_description":"Alberta (University of) \u2013 \u00c9quipe 8 Appelant: Natasha Tymchuk et Prabhjot Punnia Intim\u00e9: Yan Gao et Olivia Wang British Columbia [&hellip;]","og_url":"https:\/\/www.bowmantaxmoot.com\/fr\/participants-du-concours-bowman\/participants-du-concours-bowman-2021\/","og_site_name":"Concours national de plaidoirie en droit fiscal Donald G.H. Bowman","article_modified_time":"2021-03-02T02:30:46+00:00","og_image":[{"width":2560,"height":1706,"url":"https:\/\/www.bowmantaxmoot.com\/wp-content\/uploads\/2020\/03\/winner-1-1-scaled.jpg","type":"image\/jpeg"}],"twitter_card":"summary_large_image","twitter_misc":{"Est. reading time":"2 minutes"},"schema":{"@context":"https:\/\/schema.org","@graph":[{"@type":"WebPage","@id":"https:\/\/www.bowmantaxmoot.com\/fr\/participants-du-concours-bowman\/participants-du-concours-bowman-2021\/","url":"https:\/\/www.bowmantaxmoot.com\/fr\/participants-du-concours-bowman\/participants-du-concours-bowman-2021\/","name":"Participants du concours Bowman 2021 - Concours national de plaidoirie en droit fiscal Donald G.H. Bowman","isPartOf":{"@id":"https:\/\/www.bowmantaxmoot.com\/#website"},"datePublished":"2021-03-01T16:07:31+00:00","dateModified":"2021-03-02T02:30:46+00:00","breadcrumb":{"@id":"https:\/\/www.bowmantaxmoot.com\/fr\/participants-du-concours-bowman\/participants-du-concours-bowman-2021\/#breadcrumb"},"inLanguage":"fr-FR","potentialAction":[{"@type":"ReadAction","target":["https:\/\/www.bowmantaxmoot.com\/fr\/participants-du-concours-bowman\/participants-du-concours-bowman-2021\/"]}]},{"@type":"BreadcrumbList","@id":"https:\/\/www.bowmantaxmoot.com\/fr\/participants-du-concours-bowman\/participants-du-concours-bowman-2021\/#breadcrumb","itemListElement":[{"@type":"ListItem","position":1,"name":"Home","item":"https:\/\/www.bowmantaxmoot.com\/fr\/home\/"},{"@type":"ListItem","position":2,"name":"Participants du concours Bowman","item":"https:\/\/www.bowmantaxmoot.com\/fr\/participants-du-concours-bowman\/"},{"@type":"ListItem","position":3,"name":"Participants du concours Bowman 2021"}]},{"@type":"WebSite","@id":"https:\/\/www.bowmantaxmoot.com\/#website","url":"https:\/\/www.bowmantaxmoot.com\/","name":"Concours national de plaidoirie en droit fiscal Donald G.H. Bowman","description":"6 mars \u2013 7 mars 2026 \u00b7 Pr\u00e9sent\u00e9 par Dentons","publisher":{"@id":"https:\/\/www.bowmantaxmoot.com\/#organization"},"potentialAction":[{"@type":"SearchAction","target":{"@type":"EntryPoint","urlTemplate":"https:\/\/www.bowmantaxmoot.com\/?s={search_term_string}"},"query-input":{"@type":"PropertyValueSpecification","valueRequired":true,"valueName":"search_term_string"}}],"inLanguage":"fr-FR"},{"@type":"Organization","@id":"https:\/\/www.bowmantaxmoot.com\/#organization","name":"Dentons","url":"https:\/\/www.bowmantaxmoot.com\/","logo":{"@type":"ImageObject","inLanguage":"fr-FR","@id":"https:\/\/www.bowmantaxmoot.com\/#\/schema\/logo\/image\/","url":"https:\/\/www.bowmantaxmoot.com\/wp-content\/uploads\/2020\/10\/Dentons_Logo_Purple_RGB_150.png","contentUrl":"https:\/\/www.bowmantaxmoot.com\/wp-content\/uploads\/2020\/10\/Dentons_Logo_Purple_RGB_150.png","width":240,"height":46,"caption":"Dentons"},"image":{"@id":"https:\/\/www.bowmantaxmoot.com\/#\/schema\/logo\/image\/"}}]}},"_links":{"self":[{"href":"https:\/\/www.bowmantaxmoot.com\/fr\/wp-json\/wp\/v2\/pages\/2810","targetHints":{"allow":["GET"]}}],"collection":[{"href":"https:\/\/www.bowmantaxmoot.com\/fr\/wp-json\/wp\/v2\/pages"}],"about":[{"href":"https:\/\/www.bowmantaxmoot.com\/fr\/wp-json\/wp\/v2\/types\/page"}],"author":[{"embeddable":true,"href":"https:\/\/www.bowmantaxmoot.com\/fr\/wp-json\/wp\/v2\/users\/193"}],"replies":[{"embeddable":true,"href":"https:\/\/www.bowmantaxmoot.com\/fr\/wp-json\/wp\/v2\/comments?post=2810"}],"version-history":[{"count":2,"href":"https:\/\/www.bowmantaxmoot.com\/fr\/wp-json\/wp\/v2\/pages\/2810\/revisions"}],"predecessor-version":[{"id":2812,"href":"https:\/\/www.bowmantaxmoot.com\/fr\/wp-json\/wp\/v2\/pages\/2810\/revisions\/2812"}],"up":[{"embeddable":true,"href":"https:\/\/www.bowmantaxmoot.com\/fr\/wp-json\/wp\/v2\/pages\/2658"}],"wp:attachment":[{"href":"https:\/\/www.bowmantaxmoot.com\/fr\/wp-json\/wp\/v2\/media?parent=2810"}],"curies":[{"name":"wp","href":"https:\/\/api.w.org\/{rel}","templated":true}]}}