{"id":2672,"date":"2012-10-25T14:21:42","date_gmt":"2012-10-25T14:21:42","guid":{"rendered":"http:\/\/bowmantaxmoot.dentons-stage.blend.support\/moot-rules\/"},"modified":"2025-12-11T18:36:46","modified_gmt":"2025-12-11T18:36:46","slug":"regles-du-concours","status":"publish","type":"page","link":"https:\/\/www.bowmantaxmoot.com\/fr\/regles-du-concours\/","title":{"rendered":"R\u00e8gles du concours"},"content":{"rendered":"\n<p>T\u00e9l\u00e9charger les R\u00e8gles du concours national de plaidoirie en droit fiscal Donald G. H. Bowman:\u00a0<a href=\"https:\/\/www.bowmantaxmoot.com\/wp-content\/uploads\/2025\/12\/2025-12-11-Bowman-National-Tax-Moot-Rules-FR.pdf\">PDF<\/a><\/p>\n\n\n\n<p><a href=\"https:\/\/www.bowmantaxmoot.com\/wp-content\/uploads\/2024\/01\/Factum-Marking-Sheet-Fillable-FR.pdf\">Guide De Correction Des M\u00e9moires Dans Le Cadre Du Concours De Plaidoirie Bowman<\/a><\/p>\n\n\n\n<p><a href=\"https:\/\/www.bowmantaxmoot.com\/wp-content\/uploads\/2024\/01\/Oral-Marking-Sheet-Fillable-FR.pdf\">Guide De Correction Des Plaidoiries Dans Le Cadre Du Concours De Plaidoirie Bowman<\/a><\/p>\n\n\n\n<p>Ces r\u00e8gles sont con\u00e7ues pour assurer une conduite juste et appropri\u00e9e pendant le concours. Toute question concernant ces r\u00e8gles doit \u00eatre adress\u00e9e au Comit\u00e9 du concours Bowman \u00e0 l\u2019adresse suivante:&nbsp;<a href=\"mailto:bowman.moot@dentons.com\">bowman.moot@dentons.com<\/a>.<\/p>\n","protected":false},"excerpt":{"rendered":"<p>T\u00e9l\u00e9charger les R\u00e8gles du concours national de plaidoirie en droit fiscal Donald G. H. Bowman:\u00a0PDF Guide De Correction Des M\u00e9moires [&hellip;]<\/p>\n","protected":false},"author":193,"featured_media":0,"parent":0,"menu_order":0,"comment_status":"closed","ping_status":"closed","template":"","meta":{"_acf_changed":false,"footnotes":""},"class_list":["post-2672","page","type-page","status-publish","hentry","entry"],"acf":[],"yoast_head":"<!-- This site is optimized with the Yoast SEO plugin v27.4 - https:\/\/yoast.com\/product\/yoast-seo-wordpress\/ -->\n<title>R\u00e8gles du concours - Concours national de plaidoirie en droit fiscal Donald G.H. Bowman<\/title>\n<meta name=\"robots\" content=\"index, follow, max-snippet:-1, max-image-preview:large, max-video-preview:-1\" \/>\n<link rel=\"canonical\" href=\"https:\/\/www.bowmantaxmoot.com\/fr\/regles-du-concours\/\" \/>\n<meta property=\"og:locale\" content=\"fr_FR\" \/>\n<meta property=\"og:type\" content=\"article\" \/>\n<meta property=\"og:title\" content=\"R\u00e8gles du concours - Concours national de plaidoirie en droit fiscal Donald G.H. Bowman\" \/>\n<meta property=\"og:description\" content=\"T\u00e9l\u00e9charger les R\u00e8gles du concours national de plaidoirie en droit fiscal Donald G. H. Bowman:\u00a0PDF Guide De Correction Des M\u00e9moires [&hellip;]\" \/>\n<meta property=\"og:url\" content=\"https:\/\/www.bowmantaxmoot.com\/fr\/regles-du-concours\/\" \/>\n<meta property=\"og:site_name\" content=\"Concours national de plaidoirie en droit fiscal Donald G.H. Bowman\" \/>\n<meta property=\"article:modified_time\" content=\"2025-12-11T18:36:46+00:00\" \/>\n<meta property=\"og:image\" content=\"https:\/\/www.bowmantaxmoot.com\/wp-content\/uploads\/2020\/03\/winner-1-1-scaled.jpg\" \/>\n\t<meta property=\"og:image:width\" content=\"2560\" \/>\n\t<meta property=\"og:image:height\" content=\"1706\" \/>\n\t<meta property=\"og:image:type\" content=\"image\/jpeg\" \/>\n<meta name=\"twitter:card\" content=\"summary_large_image\" \/>\n<meta name=\"twitter:label1\" content=\"Est. reading time\" \/>\n\t<meta name=\"twitter:data1\" content=\"1 minute\" \/>\n<script type=\"application\/ld+json\" class=\"yoast-schema-graph\">{\"@context\":\"https:\\\/\\\/schema.org\",\"@graph\":[{\"@type\":\"WebPage\",\"@id\":\"https:\\\/\\\/www.bowmantaxmoot.com\\\/fr\\\/regles-du-concours\\\/\",\"url\":\"https:\\\/\\\/www.bowmantaxmoot.com\\\/fr\\\/regles-du-concours\\\/\",\"name\":\"R\u00e8gles du concours - Concours national de plaidoirie en droit fiscal Donald G.H. Bowman\",\"isPartOf\":{\"@id\":\"https:\\\/\\\/www.bowmantaxmoot.com\\\/#website\"},\"datePublished\":\"2012-10-25T14:21:42+00:00\",\"dateModified\":\"2025-12-11T18:36:46+00:00\",\"breadcrumb\":{\"@id\":\"https:\\\/\\\/www.bowmantaxmoot.com\\\/fr\\\/regles-du-concours\\\/#breadcrumb\"},\"inLanguage\":\"fr-FR\",\"potentialAction\":[{\"@type\":\"ReadAction\",\"target\":[\"https:\\\/\\\/www.bowmantaxmoot.com\\\/fr\\\/regles-du-concours\\\/\"]}]},{\"@type\":\"BreadcrumbList\",\"@id\":\"https:\\\/\\\/www.bowmantaxmoot.com\\\/fr\\\/regles-du-concours\\\/#breadcrumb\",\"itemListElement\":[{\"@type\":\"ListItem\",\"position\":1,\"name\":\"Home\",\"item\":\"https:\\\/\\\/www.bowmantaxmoot.com\\\/fr\\\/home\\\/\"},{\"@type\":\"ListItem\",\"position\":2,\"name\":\"R\u00e8gles du concours\"}]},{\"@type\":\"WebSite\",\"@id\":\"https:\\\/\\\/www.bowmantaxmoot.com\\\/#website\",\"url\":\"https:\\\/\\\/www.bowmantaxmoot.com\\\/\",\"name\":\"Concours national de plaidoirie en droit fiscal Donald G.H. Bowman\",\"description\":\"6 mars \u2013 7 mars 2026 \u00b7 Pr\u00e9sent\u00e9 par Dentons\",\"publisher\":{\"@id\":\"https:\\\/\\\/www.bowmantaxmoot.com\\\/#organization\"},\"potentialAction\":[{\"@type\":\"SearchAction\",\"target\":{\"@type\":\"EntryPoint\",\"urlTemplate\":\"https:\\\/\\\/www.bowmantaxmoot.com\\\/?s={search_term_string}\"},\"query-input\":{\"@type\":\"PropertyValueSpecification\",\"valueRequired\":true,\"valueName\":\"search_term_string\"}}],\"inLanguage\":\"fr-FR\"},{\"@type\":\"Organization\",\"@id\":\"https:\\\/\\\/www.bowmantaxmoot.com\\\/#organization\",\"name\":\"Dentons\",\"url\":\"https:\\\/\\\/www.bowmantaxmoot.com\\\/\",\"logo\":{\"@type\":\"ImageObject\",\"inLanguage\":\"fr-FR\",\"@id\":\"https:\\\/\\\/www.bowmantaxmoot.com\\\/#\\\/schema\\\/logo\\\/image\\\/\",\"url\":\"https:\\\/\\\/www.bowmantaxmoot.com\\\/wp-content\\\/uploads\\\/2020\\\/10\\\/Dentons_Logo_Purple_RGB_150.png\",\"contentUrl\":\"https:\\\/\\\/www.bowmantaxmoot.com\\\/wp-content\\\/uploads\\\/2020\\\/10\\\/Dentons_Logo_Purple_RGB_150.png\",\"width\":240,\"height\":46,\"caption\":\"Dentons\"},\"image\":{\"@id\":\"https:\\\/\\\/www.bowmantaxmoot.com\\\/#\\\/schema\\\/logo\\\/image\\\/\"}}]}<\/script>\n<!-- \/ Yoast SEO plugin. -->","yoast_head_json":{"title":"R\u00e8gles du concours - Concours national de plaidoirie en droit fiscal Donald G.H. Bowman","robots":{"index":"index","follow":"follow","max-snippet":"max-snippet:-1","max-image-preview":"max-image-preview:large","max-video-preview":"max-video-preview:-1"},"canonical":"https:\/\/www.bowmantaxmoot.com\/fr\/regles-du-concours\/","og_locale":"fr_FR","og_type":"article","og_title":"R\u00e8gles du concours - Concours national de plaidoirie en droit fiscal Donald G.H. Bowman","og_description":"T\u00e9l\u00e9charger les R\u00e8gles du concours national de plaidoirie en droit fiscal Donald G. H. Bowman:\u00a0PDF Guide De Correction Des M\u00e9moires [&hellip;]","og_url":"https:\/\/www.bowmantaxmoot.com\/fr\/regles-du-concours\/","og_site_name":"Concours national de plaidoirie en droit fiscal Donald G.H. Bowman","article_modified_time":"2025-12-11T18:36:46+00:00","og_image":[{"width":2560,"height":1706,"url":"https:\/\/www.bowmantaxmoot.com\/wp-content\/uploads\/2020\/03\/winner-1-1-scaled.jpg","type":"image\/jpeg"}],"twitter_card":"summary_large_image","twitter_misc":{"Est. reading time":"1 minute"},"schema":{"@context":"https:\/\/schema.org","@graph":[{"@type":"WebPage","@id":"https:\/\/www.bowmantaxmoot.com\/fr\/regles-du-concours\/","url":"https:\/\/www.bowmantaxmoot.com\/fr\/regles-du-concours\/","name":"R\u00e8gles du concours - Concours national de plaidoirie en droit fiscal Donald G.H. Bowman","isPartOf":{"@id":"https:\/\/www.bowmantaxmoot.com\/#website"},"datePublished":"2012-10-25T14:21:42+00:00","dateModified":"2025-12-11T18:36:46+00:00","breadcrumb":{"@id":"https:\/\/www.bowmantaxmoot.com\/fr\/regles-du-concours\/#breadcrumb"},"inLanguage":"fr-FR","potentialAction":[{"@type":"ReadAction","target":["https:\/\/www.bowmantaxmoot.com\/fr\/regles-du-concours\/"]}]},{"@type":"BreadcrumbList","@id":"https:\/\/www.bowmantaxmoot.com\/fr\/regles-du-concours\/#breadcrumb","itemListElement":[{"@type":"ListItem","position":1,"name":"Home","item":"https:\/\/www.bowmantaxmoot.com\/fr\/home\/"},{"@type":"ListItem","position":2,"name":"R\u00e8gles du concours"}]},{"@type":"WebSite","@id":"https:\/\/www.bowmantaxmoot.com\/#website","url":"https:\/\/www.bowmantaxmoot.com\/","name":"Concours national de plaidoirie en droit fiscal Donald G.H. Bowman","description":"6 mars \u2013 7 mars 2026 \u00b7 Pr\u00e9sent\u00e9 par Dentons","publisher":{"@id":"https:\/\/www.bowmantaxmoot.com\/#organization"},"potentialAction":[{"@type":"SearchAction","target":{"@type":"EntryPoint","urlTemplate":"https:\/\/www.bowmantaxmoot.com\/?s={search_term_string}"},"query-input":{"@type":"PropertyValueSpecification","valueRequired":true,"valueName":"search_term_string"}}],"inLanguage":"fr-FR"},{"@type":"Organization","@id":"https:\/\/www.bowmantaxmoot.com\/#organization","name":"Dentons","url":"https:\/\/www.bowmantaxmoot.com\/","logo":{"@type":"ImageObject","inLanguage":"fr-FR","@id":"https:\/\/www.bowmantaxmoot.com\/#\/schema\/logo\/image\/","url":"https:\/\/www.bowmantaxmoot.com\/wp-content\/uploads\/2020\/10\/Dentons_Logo_Purple_RGB_150.png","contentUrl":"https:\/\/www.bowmantaxmoot.com\/wp-content\/uploads\/2020\/10\/Dentons_Logo_Purple_RGB_150.png","width":240,"height":46,"caption":"Dentons"},"image":{"@id":"https:\/\/www.bowmantaxmoot.com\/#\/schema\/logo\/image\/"}}]}},"_links":{"self":[{"href":"https:\/\/www.bowmantaxmoot.com\/fr\/wp-json\/wp\/v2\/pages\/2672","targetHints":{"allow":["GET"]}}],"collection":[{"href":"https:\/\/www.bowmantaxmoot.com\/fr\/wp-json\/wp\/v2\/pages"}],"about":[{"href":"https:\/\/www.bowmantaxmoot.com\/fr\/wp-json\/wp\/v2\/types\/page"}],"author":[{"embeddable":true,"href":"https:\/\/www.bowmantaxmoot.com\/fr\/wp-json\/wp\/v2\/users\/193"}],"replies":[{"embeddable":true,"href":"https:\/\/www.bowmantaxmoot.com\/fr\/wp-json\/wp\/v2\/comments?post=2672"}],"version-history":[{"count":10,"href":"https:\/\/www.bowmantaxmoot.com\/fr\/wp-json\/wp\/v2\/pages\/2672\/revisions"}],"predecessor-version":[{"id":3670,"href":"https:\/\/www.bowmantaxmoot.com\/fr\/wp-json\/wp\/v2\/pages\/2672\/revisions\/3670"}],"wp:attachment":[{"href":"https:\/\/www.bowmantaxmoot.com\/fr\/wp-json\/wp\/v2\/media?parent=2672"}],"curies":[{"name":"wp","href":"https:\/\/api.w.org\/{rel}","templated":true}]}}