{"id":2666,"date":"2020-10-28T21:05:23","date_gmt":"2020-10-28T21:05:23","guid":{"rendered":"http:\/\/bowmantaxmoot.dentons-stage.blend.support\/cause-en-appel\/bowman-moot-problem-2021\/"},"modified":"2020-12-02T22:45:12","modified_gmt":"2020-12-02T22:45:12","slug":"cause-en-appel-du-concours-bowman-2021","status":"publish","type":"page","link":"https:\/\/www.bowmantaxmoot.com\/fr\/cause-en-appel\/cause-en-appel-du-concours-bowman-2021\/","title":{"rendered":"Cause en appel du concours Bowman 2021"},"content":{"rendered":"\n<ol class=\"wp-block-list\" type=\"1\"><li>Les motifs et le jugement de la Cour supr\u00eame du Canada dans&nbsp;<em>MacDonald&nbsp;c.&nbsp;Canada<\/em>, 2020 CSC 6 sont port\u00e9s en appel devant le Tribunal \u00e9cole Bowman en droit fiscal.<\/li><li>Les questions en litige en appel sont:<ol><li>Quel est le crit\u00e8re appropri\u00e9 \u00e0 appliquer pour d\u00e9terminer si le contrat \u00e0 terme de gr\u00e9 \u00e0 gr\u00e9 d\u2019un contribuable est une couverture ou un instrument de sp\u00e9culation?<\/li><li>Les paiements de r\u00e8glement en esp\u00e8ces effectu\u00e9s par M. MacDonald ont-ils \u00e9t\u00e9 correctement qualifi\u00e9s de pertes de revenu ou de pertes en capital?<\/li><\/ol><\/li><li>Toutes autres questions en litige soulev\u00e9es \u00e0 la Cour canadienne de l\u2019imp\u00f4t et la Cour d\u2019appel f\u00e9d\u00e9rale ne sont pas port\u00e9es en appel.<\/li><li>Le concours Bowman est destin\u00e9 \u00e0 promouvoir la plaidoirie portant sur des questions de fond du droit fiscal, et non sur des questions relatives au droit administratif ou \u00e0 la norme de contr\u00f4le. Les participants doivent pr\u00e9senter de tr\u00e8s br\u00e8ves observations \u00e9crites et renvoyer les juges \u00e0 leur m\u00e9moire lorsqu\u2019ils \u00e9noncent oralement la norme de contr\u00f4le applicable. Nous avons inform\u00e9 les juges que la norme de contr\u00f4le n\u2019est pas en cause et leur avons conseill\u00e9 de s\u2019abstenir de poser toute question relative \u00e0 ce sujet.<\/li><li>La cause en appel \u00e9tant une cause r\u00e9elle, les m\u00e9moires des parties doivent donc \u00eatre des oeuvres originales, et non une copie ou une simple imitation de documents judiciaires d\u00e9j\u00e0 d\u00e9pos\u00e9s.<\/li><\/ol>\n\n\n<div class=\"site-block section-heading-block\" id=\"cta-block_5fc81bcc7375f\">\n    <h2>\u00c9claircissements sur la cause en appel<\/h2>\n    <hr class=\"wp-block-separator\">\n<\/div>\n\n\n<ol class=\"wp-block-list\"><li>En ce qui concerne la deuxi\u00e8me question (paiements de r\u00e8glement), elle pourrait \u00eatre interpr\u00e9t\u00e9e de deux fa\u00e7ons, \u00e0 savoir :<ol><li><strong>Selon le test \u00e9labor\u00e9 \u00e0 la question A, est-ce que les paiements devaient \u00eatre qualifi\u00e9s de pertes de capital ou de pertes de revenu? (une esp\u00e8ce de question qui demanderait d\u2019appliquer le droit aux faits, selon le test propos\u00e9 pour la question A)\u00a0; ou<\/strong><\/li><li><strong>Nonobstant le crit\u00e8re pour d\u00e9terminer si le contrat \u00e9tait une couverture, les paiements devaient-ils \u00eatre qualifi\u00e9s de pertes de revenu ou de pertes de capital, selon les crit\u00e8res usuels.<\/strong><\/li><\/ol><\/li><\/ol>\n\n\n\n<p>L&#8217;interpr\u00e9tation correcte est #1. Cependant les plaideurs peuvent faire des observations sur la qualification appropri\u00e9e des paiements de r\u00e8glement en esp\u00e8ces, quelle que soit la version du test juridique pouvant \u00eatre accept\u00e9e par les juges.<\/p>\n\n\n\n<ol start=\"2\"><li><strong>Le paragraphe 4 de la description de la cause en appel indique que la norme de contr\u00f4le n&#8217;est pas en cause. Je crois qu&#8217;une d\u00e9claration similaire (et une directive aux juges) a \u00e9t\u00e9 faite ces derni\u00e8res ann\u00e9es, en r\u00e9ponse \u00e0 la tendance de certains juges \u00e0 commencer plus ou moins automatiquement par interroger les participants sur la norme de contr\u00f4le. En l&#8217;esp\u00e8ce, cependant, l\u2019opinion dissidente du juge C\u00f4t\u00e9 de la Cour supr\u00eame fait de la norme une question de fond dans l&#8217;appel. Cette instruction aux juges s&#8217;\u00e9tendra-t-elle aux questions relatives \u00e0 son jugement?<\/strong>\n<\/li><\/ol>\n\n\n\n<p>Oui, cette instruction sera \u00e9tendue aux questions sur la d\u00e9cision du juge C\u00f4t\u00e9. Cependant, les juges sont libres de poser des questions sur la d\u00e9cision de la juge C\u00f4t\u00e9 en ce qui concerne le droit fiscal substantif par opposition au droit administratif.<\/p>\n","protected":false},"excerpt":{"rendered":"<p>Les motifs et le jugement de la Cour supr\u00eame du Canada dans&nbsp;MacDonald&nbsp;c.&nbsp;Canada, 2020 CSC 6 sont port\u00e9s en appel devant [&hellip;]<\/p>\n","protected":false},"author":193,"featured_media":0,"parent":2664,"menu_order":0,"comment_status":"closed","ping_status":"closed","template":"","meta":{"_acf_changed":false,"footnotes":""},"class_list":["post-2666","page","type-page","status-publish","hentry","entry"],"acf":[],"yoast_head":"<!-- This site is optimized with the Yoast SEO plugin v27.4 - https:\/\/yoast.com\/product\/yoast-seo-wordpress\/ -->\n<title>Cause en appel du concours Bowman 2021 - Concours national de plaidoirie en droit fiscal Donald G.H. Bowman<\/title>\n<meta name=\"robots\" content=\"index, follow, max-snippet:-1, max-image-preview:large, max-video-preview:-1\" \/>\n<link rel=\"canonical\" href=\"https:\/\/www.bowmantaxmoot.com\/fr\/cause-en-appel\/cause-en-appel-du-concours-bowman-2021\/\" \/>\n<meta property=\"og:locale\" content=\"fr_FR\" \/>\n<meta property=\"og:type\" content=\"article\" \/>\n<meta property=\"og:title\" content=\"Cause en appel du concours Bowman 2021 - Concours national de plaidoirie en droit fiscal Donald G.H. Bowman\" \/>\n<meta property=\"og:description\" content=\"Les motifs et le jugement de la Cour supr\u00eame du Canada dans&nbsp;MacDonald&nbsp;c.&nbsp;Canada, 2020 CSC 6 sont port\u00e9s en appel devant [&hellip;]\" \/>\n<meta property=\"og:url\" content=\"https:\/\/www.bowmantaxmoot.com\/fr\/cause-en-appel\/cause-en-appel-du-concours-bowman-2021\/\" \/>\n<meta property=\"og:site_name\" content=\"Concours national de plaidoirie en droit fiscal Donald G.H. Bowman\" \/>\n<meta property=\"article:modified_time\" content=\"2020-12-02T22:45:12+00:00\" \/>\n<meta property=\"og:image\" content=\"https:\/\/www.bowmantaxmoot.com\/wp-content\/uploads\/2020\/03\/winner-1-1-scaled.jpg\" \/>\n\t<meta property=\"og:image:width\" content=\"2560\" \/>\n\t<meta property=\"og:image:height\" content=\"1706\" \/>\n\t<meta property=\"og:image:type\" content=\"image\/jpeg\" \/>\n<meta name=\"twitter:card\" content=\"summary_large_image\" \/>\n<meta name=\"twitter:label1\" content=\"Est. reading time\" \/>\n\t<meta name=\"twitter:data1\" content=\"3 minutes\" \/>\n<script type=\"application\/ld+json\" class=\"yoast-schema-graph\">{\"@context\":\"https:\\\/\\\/schema.org\",\"@graph\":[{\"@type\":\"WebPage\",\"@id\":\"https:\\\/\\\/www.bowmantaxmoot.com\\\/fr\\\/cause-en-appel\\\/cause-en-appel-du-concours-bowman-2021\\\/\",\"url\":\"https:\\\/\\\/www.bowmantaxmoot.com\\\/fr\\\/cause-en-appel\\\/cause-en-appel-du-concours-bowman-2021\\\/\",\"name\":\"Cause en appel du concours Bowman 2021 - Concours national de plaidoirie en droit fiscal Donald G.H. Bowman\",\"isPartOf\":{\"@id\":\"https:\\\/\\\/www.bowmantaxmoot.com\\\/#website\"},\"datePublished\":\"2020-10-28T21:05:23+00:00\",\"dateModified\":\"2020-12-02T22:45:12+00:00\",\"breadcrumb\":{\"@id\":\"https:\\\/\\\/www.bowmantaxmoot.com\\\/fr\\\/cause-en-appel\\\/cause-en-appel-du-concours-bowman-2021\\\/#breadcrumb\"},\"inLanguage\":\"fr-FR\",\"potentialAction\":[{\"@type\":\"ReadAction\",\"target\":[\"https:\\\/\\\/www.bowmantaxmoot.com\\\/fr\\\/cause-en-appel\\\/cause-en-appel-du-concours-bowman-2021\\\/\"]}]},{\"@type\":\"BreadcrumbList\",\"@id\":\"https:\\\/\\\/www.bowmantaxmoot.com\\\/fr\\\/cause-en-appel\\\/cause-en-appel-du-concours-bowman-2021\\\/#breadcrumb\",\"itemListElement\":[{\"@type\":\"ListItem\",\"position\":1,\"name\":\"Home\",\"item\":\"https:\\\/\\\/www.bowmantaxmoot.com\\\/fr\\\/home\\\/\"},{\"@type\":\"ListItem\",\"position\":2,\"name\":\"Cause en appel\",\"item\":\"https:\\\/\\\/www.bowmantaxmoot.com\\\/fr\\\/cause-en-appel\\\/\"},{\"@type\":\"ListItem\",\"position\":3,\"name\":\"Cause en appel du concours Bowman 2021\"}]},{\"@type\":\"WebSite\",\"@id\":\"https:\\\/\\\/www.bowmantaxmoot.com\\\/#website\",\"url\":\"https:\\\/\\\/www.bowmantaxmoot.com\\\/\",\"name\":\"Concours national de plaidoirie en droit fiscal Donald G.H. Bowman\",\"description\":\"6 mars \u2013 7 mars 2026 \u00b7 Pr\u00e9sent\u00e9 par Dentons\",\"publisher\":{\"@id\":\"https:\\\/\\\/www.bowmantaxmoot.com\\\/#organization\"},\"potentialAction\":[{\"@type\":\"SearchAction\",\"target\":{\"@type\":\"EntryPoint\",\"urlTemplate\":\"https:\\\/\\\/www.bowmantaxmoot.com\\\/?s={search_term_string}\"},\"query-input\":{\"@type\":\"PropertyValueSpecification\",\"valueRequired\":true,\"valueName\":\"search_term_string\"}}],\"inLanguage\":\"fr-FR\"},{\"@type\":\"Organization\",\"@id\":\"https:\\\/\\\/www.bowmantaxmoot.com\\\/#organization\",\"name\":\"Dentons\",\"url\":\"https:\\\/\\\/www.bowmantaxmoot.com\\\/\",\"logo\":{\"@type\":\"ImageObject\",\"inLanguage\":\"fr-FR\",\"@id\":\"https:\\\/\\\/www.bowmantaxmoot.com\\\/#\\\/schema\\\/logo\\\/image\\\/\",\"url\":\"https:\\\/\\\/www.bowmantaxmoot.com\\\/wp-content\\\/uploads\\\/2020\\\/10\\\/Dentons_Logo_Purple_RGB_150.png\",\"contentUrl\":\"https:\\\/\\\/www.bowmantaxmoot.com\\\/wp-content\\\/uploads\\\/2020\\\/10\\\/Dentons_Logo_Purple_RGB_150.png\",\"width\":240,\"height\":46,\"caption\":\"Dentons\"},\"image\":{\"@id\":\"https:\\\/\\\/www.bowmantaxmoot.com\\\/#\\\/schema\\\/logo\\\/image\\\/\"}}]}<\/script>\n<!-- \/ Yoast SEO plugin. -->","yoast_head_json":{"title":"Cause en appel du concours Bowman 2021 - Concours national de plaidoirie en droit fiscal Donald G.H. Bowman","robots":{"index":"index","follow":"follow","max-snippet":"max-snippet:-1","max-image-preview":"max-image-preview:large","max-video-preview":"max-video-preview:-1"},"canonical":"https:\/\/www.bowmantaxmoot.com\/fr\/cause-en-appel\/cause-en-appel-du-concours-bowman-2021\/","og_locale":"fr_FR","og_type":"article","og_title":"Cause en appel du concours Bowman 2021 - Concours national de plaidoirie en droit fiscal Donald G.H. Bowman","og_description":"Les motifs et le jugement de la Cour supr\u00eame du Canada dans&nbsp;MacDonald&nbsp;c.&nbsp;Canada, 2020 CSC 6 sont port\u00e9s en appel devant [&hellip;]","og_url":"https:\/\/www.bowmantaxmoot.com\/fr\/cause-en-appel\/cause-en-appel-du-concours-bowman-2021\/","og_site_name":"Concours national de plaidoirie en droit fiscal Donald G.H. Bowman","article_modified_time":"2020-12-02T22:45:12+00:00","og_image":[{"width":2560,"height":1706,"url":"https:\/\/www.bowmantaxmoot.com\/wp-content\/uploads\/2020\/03\/winner-1-1-scaled.jpg","type":"image\/jpeg"}],"twitter_card":"summary_large_image","twitter_misc":{"Est. reading time":"3 minutes"},"schema":{"@context":"https:\/\/schema.org","@graph":[{"@type":"WebPage","@id":"https:\/\/www.bowmantaxmoot.com\/fr\/cause-en-appel\/cause-en-appel-du-concours-bowman-2021\/","url":"https:\/\/www.bowmantaxmoot.com\/fr\/cause-en-appel\/cause-en-appel-du-concours-bowman-2021\/","name":"Cause en appel du concours Bowman 2021 - Concours national de plaidoirie en droit fiscal Donald G.H. Bowman","isPartOf":{"@id":"https:\/\/www.bowmantaxmoot.com\/#website"},"datePublished":"2020-10-28T21:05:23+00:00","dateModified":"2020-12-02T22:45:12+00:00","breadcrumb":{"@id":"https:\/\/www.bowmantaxmoot.com\/fr\/cause-en-appel\/cause-en-appel-du-concours-bowman-2021\/#breadcrumb"},"inLanguage":"fr-FR","potentialAction":[{"@type":"ReadAction","target":["https:\/\/www.bowmantaxmoot.com\/fr\/cause-en-appel\/cause-en-appel-du-concours-bowman-2021\/"]}]},{"@type":"BreadcrumbList","@id":"https:\/\/www.bowmantaxmoot.com\/fr\/cause-en-appel\/cause-en-appel-du-concours-bowman-2021\/#breadcrumb","itemListElement":[{"@type":"ListItem","position":1,"name":"Home","item":"https:\/\/www.bowmantaxmoot.com\/fr\/home\/"},{"@type":"ListItem","position":2,"name":"Cause en appel","item":"https:\/\/www.bowmantaxmoot.com\/fr\/cause-en-appel\/"},{"@type":"ListItem","position":3,"name":"Cause en appel du concours Bowman 2021"}]},{"@type":"WebSite","@id":"https:\/\/www.bowmantaxmoot.com\/#website","url":"https:\/\/www.bowmantaxmoot.com\/","name":"Concours national de plaidoirie en droit fiscal Donald G.H. Bowman","description":"6 mars \u2013 7 mars 2026 \u00b7 Pr\u00e9sent\u00e9 par Dentons","publisher":{"@id":"https:\/\/www.bowmantaxmoot.com\/#organization"},"potentialAction":[{"@type":"SearchAction","target":{"@type":"EntryPoint","urlTemplate":"https:\/\/www.bowmantaxmoot.com\/?s={search_term_string}"},"query-input":{"@type":"PropertyValueSpecification","valueRequired":true,"valueName":"search_term_string"}}],"inLanguage":"fr-FR"},{"@type":"Organization","@id":"https:\/\/www.bowmantaxmoot.com\/#organization","name":"Dentons","url":"https:\/\/www.bowmantaxmoot.com\/","logo":{"@type":"ImageObject","inLanguage":"fr-FR","@id":"https:\/\/www.bowmantaxmoot.com\/#\/schema\/logo\/image\/","url":"https:\/\/www.bowmantaxmoot.com\/wp-content\/uploads\/2020\/10\/Dentons_Logo_Purple_RGB_150.png","contentUrl":"https:\/\/www.bowmantaxmoot.com\/wp-content\/uploads\/2020\/10\/Dentons_Logo_Purple_RGB_150.png","width":240,"height":46,"caption":"Dentons"},"image":{"@id":"https:\/\/www.bowmantaxmoot.com\/#\/schema\/logo\/image\/"}}]}},"_links":{"self":[{"href":"https:\/\/www.bowmantaxmoot.com\/fr\/wp-json\/wp\/v2\/pages\/2666","targetHints":{"allow":["GET"]}}],"collection":[{"href":"https:\/\/www.bowmantaxmoot.com\/fr\/wp-json\/wp\/v2\/pages"}],"about":[{"href":"https:\/\/www.bowmantaxmoot.com\/fr\/wp-json\/wp\/v2\/types\/page"}],"author":[{"embeddable":true,"href":"https:\/\/www.bowmantaxmoot.com\/fr\/wp-json\/wp\/v2\/users\/193"}],"replies":[{"embeddable":true,"href":"https:\/\/www.bowmantaxmoot.com\/fr\/wp-json\/wp\/v2\/comments?post=2666"}],"version-history":[{"count":4,"href":"https:\/\/www.bowmantaxmoot.com\/fr\/wp-json\/wp\/v2\/pages\/2666\/revisions"}],"predecessor-version":[{"id":2716,"href":"https:\/\/www.bowmantaxmoot.com\/fr\/wp-json\/wp\/v2\/pages\/2666\/revisions\/2716"}],"up":[{"embeddable":true,"href":"https:\/\/www.bowmantaxmoot.com\/fr\/wp-json\/wp\/v2\/pages\/2664"}],"wp:attachment":[{"href":"https:\/\/www.bowmantaxmoot.com\/fr\/wp-json\/wp\/v2\/media?parent=2666"}],"curies":[{"name":"wp","href":"https:\/\/api.w.org\/{rel}","templated":true}]}}