{"id":2661,"date":"2020-03-02T21:46:11","date_gmt":"2020-03-02T21:46:11","guid":{"rendered":"http:\/\/bowmantaxmoot.dentons-stage.blend.support\/participants-du-concours-bowman\/moot-participants-2020\/"},"modified":"2020-10-29T23:06:21","modified_gmt":"2020-10-29T23:06:21","slug":"participants-du-concours-bowman-2020","status":"publish","type":"page","link":"https:\/\/www.bowmantaxmoot.com\/fr\/participants-du-concours-bowman\/participants-du-concours-bowman-2020\/","title":{"rendered":"Participants du concours Bowman 2020"},"content":{"rendered":"\n<p>Colombie-Britannique, 1A: Yu-Ting Chen<br>Colombie-Britannique, 1A: Anh Tung Nguyen<br>Colombie-Britannique, 1R: Nikhil Pandey<br>Colombie-Britannique, 1R: Grace Chung<\/p>\n\n\n\n<p>Nouveau-Brunswick, 2A: Kathryn Leblanc<br>Nouveau-Brunswick, 2A: Samer Alam<br>Nouveau-Brunswick, 2R: Miranda Neal<br>Nouveau-Brunswick, 2R: Alexander Rimmington<br>Nouveau-Brunswick, Substitut: Bryan Morris<\/p>\n\n\n\n<p>Manitoba, 3A: Madison Laval<br>Manitoba, 3A: Jaidan Merry<br>Manitoba, 3R: Dan Patriarca<br>Manitoba, 3R: Pari Desai<br>Manitoba, Substitute: Kate Wager<\/p>\n\n\n\n<p>Montr\u00e9al, 4A: Alexandro Tomassi<br>Montr\u00e9al, 4A: Youness Ellitihi<br>Montr\u00e9al, 4R: Yasmine Mekallach<br>Montr\u00e9al, 4R: Amanda Zorzi<br>Montr\u00e9al, Substitute: Allesia Talarico<br>Saskatchewan, 5A: Graham Fuga<br>Saskatchewan, 5A: Madison Miller<br>Saskatchewan, 5R: William Hampton<br>Saskatchewan, 5R: Anna Lekach<\/p>\n\n\n\n<p>Alberta, 6A: Amy Boyd<br>Alberta, 6A: Elisa Genuis<br>Alberta, 6R: Jordon Magico<br>Alberta, 6R: Michael Matwichuk<\/p>\n\n\n\n<p>Osgoode, 7A: Joseph Eid<br>Osgoode, 7A: Zehra Karagoz<br>Osgoode, 7R: Eric Cheng<br>Osgoode, 7R: Changhai Zhu<br>Osgoode, Substitut: Adrian Zee<\/p>\n\n\n\n<p>Dalhousie, 8A: Sarah Aaron<br>Dalhousie, 8A: Riad Kherallah<br>Dalhousie, 8R: James Russell<br>Dalhousie, 8R: Philip Yang<\/p>\n\n\n\n<p>Thompson Rivers, 9A: Morgan Watchorn<br>Thompson Rivers, 9A: Anisha Jagpal<br>Thompson Rivers, 9R: Taiyo K. Hasegawa<br>Thompson Rivers, 9R: Casey Helgason<br>Thompson Rivers, Substitute: Emily Halliday<\/p>\n\n\n\n<p>Queen\u2019s, 10A: Simon Townsend<br>Queen\u2019s, 10A: Spencer Evans<br>Queen\u2019s, 10R: Felix Lavoie<br>Queen\u2019s, 10R: Dennis Do<br>Queen\u2019s, Substitut: Christopher Sullivan<\/p>\n\n\n\n<p>Toronto, 11A: RJ Reid<br>Toronto, 11A: Nikhil Mukherjee<br>Toronto, 11R: Jae Won Hur<br>Toronto, 11R: Paul Hildebrandt<\/p>\n\n\n\n<p>Ottawa, 12A: Matthew Blumenfeld<br>Ottawa, 12A: Alexander Di Giovanni<br>Ottawa, 12R: Lucia Jihyun Kim<br>Ottawa, 12R: Katya Ukrainetz<\/p>\n\n\n\n<p>McGill, 13A: Natacha Ngo<br>McGill, 13A: Natalia Paunic<br>McGill, 13R: Andrew Coffey<br>McGill, 13R: Jesse Kaminski<br>McGill, Substitut: Valmi Dufour-Lussier<\/p>\n\n\n\n<p>Western, 14A: Justin Choy<br>Western, 14A: Akiv Jhirad<br>Western, 14R: Hafsah Qureshi<br>Western, 14R: Saima Ahmad<br>Western, Substitut: Steven Huryn<\/p>\n\n\n\n<p>Calgary, 15A: Mikael Johansson<br>Calgary, 15A: Neil Burnside<br>Calgary, 15R: John Foster<br>Calgary, 15R: Joseph Bogle<br>Calgary, Substitut: Mason Warholik<\/p>\n\n\n\n<p>Sherbrooke, 16A: Thomas Champagne<br>Sherbrooke, 16A: Victoria Robert-Jodoin<br>Sherbrooke, 16R: Pierre-Erik Ouellet<br>Sherbrooke, 16R: Camille Morand<\/p>\n\n\n\n<p>Windsor, 17A: Bushra Nassab<br>Windsor, 17A: Daniel Ibrahim<br>Windsor, 17R: Ryan Markesic<br>Windsor, 17R: Antonio Alcantara-Tangonan<br>Windsor, Substitut: Eric Miller<\/p>\n","protected":false},"excerpt":{"rendered":"<p>Colombie-Britannique, 1A: Yu-Ting ChenColombie-Britannique, 1A: Anh Tung NguyenColombie-Britannique, 1R: Nikhil PandeyColombie-Britannique, 1R: Grace Chung Nouveau-Brunswick, 2A: Kathryn LeblancNouveau-Brunswick, 2A: Samer [&hellip;]<\/p>\n","protected":false},"author":193,"featured_media":0,"parent":2658,"menu_order":0,"comment_status":"closed","ping_status":"closed","template":"","meta":{"_acf_changed":false,"footnotes":""},"class_list":["post-2661","page","type-page","status-publish","hentry","entry"],"acf":[],"yoast_head":"<!-- This site is optimized with the Yoast SEO plugin v27.4 - https:\/\/yoast.com\/product\/yoast-seo-wordpress\/ -->\n<title>Participants du concours Bowman 2020 - Concours national de plaidoirie en droit fiscal Donald G.H. Bowman<\/title>\n<meta name=\"robots\" content=\"index, follow, max-snippet:-1, max-image-preview:large, max-video-preview:-1\" \/>\n<link rel=\"canonical\" href=\"https:\/\/www.bowmantaxmoot.com\/fr\/participants-du-concours-bowman\/participants-du-concours-bowman-2020\/\" \/>\n<meta property=\"og:locale\" content=\"fr_FR\" \/>\n<meta property=\"og:type\" content=\"article\" \/>\n<meta property=\"og:title\" content=\"Participants du concours Bowman 2020 - Concours national de plaidoirie en droit fiscal Donald G.H. Bowman\" \/>\n<meta property=\"og:description\" content=\"Colombie-Britannique, 1A: Yu-Ting ChenColombie-Britannique, 1A: Anh Tung NguyenColombie-Britannique, 1R: Nikhil PandeyColombie-Britannique, 1R: Grace Chung Nouveau-Brunswick, 2A: Kathryn LeblancNouveau-Brunswick, 2A: Samer [&hellip;]\" \/>\n<meta property=\"og:url\" content=\"https:\/\/www.bowmantaxmoot.com\/fr\/participants-du-concours-bowman\/participants-du-concours-bowman-2020\/\" \/>\n<meta property=\"og:site_name\" content=\"Concours national de plaidoirie en droit fiscal Donald G.H. Bowman\" \/>\n<meta property=\"article:modified_time\" content=\"2020-10-29T23:06:21+00:00\" \/>\n<meta property=\"og:image\" content=\"https:\/\/www.bowmantaxmoot.com\/wp-content\/uploads\/2020\/03\/winner-1-1-scaled.jpg\" \/>\n\t<meta property=\"og:image:width\" content=\"2560\" \/>\n\t<meta property=\"og:image:height\" content=\"1706\" \/>\n\t<meta property=\"og:image:type\" content=\"image\/jpeg\" \/>\n<meta name=\"twitter:card\" content=\"summary_large_image\" \/>\n<meta name=\"twitter:label1\" content=\"Est. reading time\" \/>\n\t<meta name=\"twitter:data1\" content=\"1 minute\" \/>\n<script type=\"application\/ld+json\" class=\"yoast-schema-graph\">{\"@context\":\"https:\\\/\\\/schema.org\",\"@graph\":[{\"@type\":\"WebPage\",\"@id\":\"https:\\\/\\\/www.bowmantaxmoot.com\\\/fr\\\/participants-du-concours-bowman\\\/participants-du-concours-bowman-2020\\\/\",\"url\":\"https:\\\/\\\/www.bowmantaxmoot.com\\\/fr\\\/participants-du-concours-bowman\\\/participants-du-concours-bowman-2020\\\/\",\"name\":\"Participants du concours Bowman 2020 - Concours national de plaidoirie en droit fiscal Donald G.H. Bowman\",\"isPartOf\":{\"@id\":\"https:\\\/\\\/www.bowmantaxmoot.com\\\/#website\"},\"datePublished\":\"2020-03-02T21:46:11+00:00\",\"dateModified\":\"2020-10-29T23:06:21+00:00\",\"breadcrumb\":{\"@id\":\"https:\\\/\\\/www.bowmantaxmoot.com\\\/fr\\\/participants-du-concours-bowman\\\/participants-du-concours-bowman-2020\\\/#breadcrumb\"},\"inLanguage\":\"fr-FR\",\"potentialAction\":[{\"@type\":\"ReadAction\",\"target\":[\"https:\\\/\\\/www.bowmantaxmoot.com\\\/fr\\\/participants-du-concours-bowman\\\/participants-du-concours-bowman-2020\\\/\"]}]},{\"@type\":\"BreadcrumbList\",\"@id\":\"https:\\\/\\\/www.bowmantaxmoot.com\\\/fr\\\/participants-du-concours-bowman\\\/participants-du-concours-bowman-2020\\\/#breadcrumb\",\"itemListElement\":[{\"@type\":\"ListItem\",\"position\":1,\"name\":\"Home\",\"item\":\"https:\\\/\\\/www.bowmantaxmoot.com\\\/fr\\\/home\\\/\"},{\"@type\":\"ListItem\",\"position\":2,\"name\":\"Participants du concours Bowman\",\"item\":\"https:\\\/\\\/www.bowmantaxmoot.com\\\/fr\\\/participants-du-concours-bowman\\\/\"},{\"@type\":\"ListItem\",\"position\":3,\"name\":\"Participants du concours Bowman 2020\"}]},{\"@type\":\"WebSite\",\"@id\":\"https:\\\/\\\/www.bowmantaxmoot.com\\\/#website\",\"url\":\"https:\\\/\\\/www.bowmantaxmoot.com\\\/\",\"name\":\"Concours national de plaidoirie en droit fiscal Donald G.H. Bowman\",\"description\":\"6 mars \u2013 7 mars 2026 \u00b7 Pr\u00e9sent\u00e9 par Dentons\",\"publisher\":{\"@id\":\"https:\\\/\\\/www.bowmantaxmoot.com\\\/#organization\"},\"potentialAction\":[{\"@type\":\"SearchAction\",\"target\":{\"@type\":\"EntryPoint\",\"urlTemplate\":\"https:\\\/\\\/www.bowmantaxmoot.com\\\/?s={search_term_string}\"},\"query-input\":{\"@type\":\"PropertyValueSpecification\",\"valueRequired\":true,\"valueName\":\"search_term_string\"}}],\"inLanguage\":\"fr-FR\"},{\"@type\":\"Organization\",\"@id\":\"https:\\\/\\\/www.bowmantaxmoot.com\\\/#organization\",\"name\":\"Dentons\",\"url\":\"https:\\\/\\\/www.bowmantaxmoot.com\\\/\",\"logo\":{\"@type\":\"ImageObject\",\"inLanguage\":\"fr-FR\",\"@id\":\"https:\\\/\\\/www.bowmantaxmoot.com\\\/#\\\/schema\\\/logo\\\/image\\\/\",\"url\":\"https:\\\/\\\/www.bowmantaxmoot.com\\\/wp-content\\\/uploads\\\/2020\\\/10\\\/Dentons_Logo_Purple_RGB_150.png\",\"contentUrl\":\"https:\\\/\\\/www.bowmantaxmoot.com\\\/wp-content\\\/uploads\\\/2020\\\/10\\\/Dentons_Logo_Purple_RGB_150.png\",\"width\":240,\"height\":46,\"caption\":\"Dentons\"},\"image\":{\"@id\":\"https:\\\/\\\/www.bowmantaxmoot.com\\\/#\\\/schema\\\/logo\\\/image\\\/\"}}]}<\/script>\n<!-- \/ Yoast SEO plugin. -->","yoast_head_json":{"title":"Participants du concours Bowman 2020 - Concours national de plaidoirie en droit fiscal Donald G.H. Bowman","robots":{"index":"index","follow":"follow","max-snippet":"max-snippet:-1","max-image-preview":"max-image-preview:large","max-video-preview":"max-video-preview:-1"},"canonical":"https:\/\/www.bowmantaxmoot.com\/fr\/participants-du-concours-bowman\/participants-du-concours-bowman-2020\/","og_locale":"fr_FR","og_type":"article","og_title":"Participants du concours Bowman 2020 - Concours national de plaidoirie en droit fiscal Donald G.H. Bowman","og_description":"Colombie-Britannique, 1A: Yu-Ting ChenColombie-Britannique, 1A: Anh Tung NguyenColombie-Britannique, 1R: Nikhil PandeyColombie-Britannique, 1R: Grace Chung Nouveau-Brunswick, 2A: Kathryn LeblancNouveau-Brunswick, 2A: Samer [&hellip;]","og_url":"https:\/\/www.bowmantaxmoot.com\/fr\/participants-du-concours-bowman\/participants-du-concours-bowman-2020\/","og_site_name":"Concours national de plaidoirie en droit fiscal Donald G.H. Bowman","article_modified_time":"2020-10-29T23:06:21+00:00","og_image":[{"width":2560,"height":1706,"url":"https:\/\/www.bowmantaxmoot.com\/wp-content\/uploads\/2020\/03\/winner-1-1-scaled.jpg","type":"image\/jpeg"}],"twitter_card":"summary_large_image","twitter_misc":{"Est. reading time":"1 minute"},"schema":{"@context":"https:\/\/schema.org","@graph":[{"@type":"WebPage","@id":"https:\/\/www.bowmantaxmoot.com\/fr\/participants-du-concours-bowman\/participants-du-concours-bowman-2020\/","url":"https:\/\/www.bowmantaxmoot.com\/fr\/participants-du-concours-bowman\/participants-du-concours-bowman-2020\/","name":"Participants du concours Bowman 2020 - Concours national de plaidoirie en droit fiscal Donald G.H. Bowman","isPartOf":{"@id":"https:\/\/www.bowmantaxmoot.com\/#website"},"datePublished":"2020-03-02T21:46:11+00:00","dateModified":"2020-10-29T23:06:21+00:00","breadcrumb":{"@id":"https:\/\/www.bowmantaxmoot.com\/fr\/participants-du-concours-bowman\/participants-du-concours-bowman-2020\/#breadcrumb"},"inLanguage":"fr-FR","potentialAction":[{"@type":"ReadAction","target":["https:\/\/www.bowmantaxmoot.com\/fr\/participants-du-concours-bowman\/participants-du-concours-bowman-2020\/"]}]},{"@type":"BreadcrumbList","@id":"https:\/\/www.bowmantaxmoot.com\/fr\/participants-du-concours-bowman\/participants-du-concours-bowman-2020\/#breadcrumb","itemListElement":[{"@type":"ListItem","position":1,"name":"Home","item":"https:\/\/www.bowmantaxmoot.com\/fr\/home\/"},{"@type":"ListItem","position":2,"name":"Participants du concours Bowman","item":"https:\/\/www.bowmantaxmoot.com\/fr\/participants-du-concours-bowman\/"},{"@type":"ListItem","position":3,"name":"Participants du concours Bowman 2020"}]},{"@type":"WebSite","@id":"https:\/\/www.bowmantaxmoot.com\/#website","url":"https:\/\/www.bowmantaxmoot.com\/","name":"Concours national de plaidoirie en droit fiscal Donald G.H. Bowman","description":"6 mars \u2013 7 mars 2026 \u00b7 Pr\u00e9sent\u00e9 par Dentons","publisher":{"@id":"https:\/\/www.bowmantaxmoot.com\/#organization"},"potentialAction":[{"@type":"SearchAction","target":{"@type":"EntryPoint","urlTemplate":"https:\/\/www.bowmantaxmoot.com\/?s={search_term_string}"},"query-input":{"@type":"PropertyValueSpecification","valueRequired":true,"valueName":"search_term_string"}}],"inLanguage":"fr-FR"},{"@type":"Organization","@id":"https:\/\/www.bowmantaxmoot.com\/#organization","name":"Dentons","url":"https:\/\/www.bowmantaxmoot.com\/","logo":{"@type":"ImageObject","inLanguage":"fr-FR","@id":"https:\/\/www.bowmantaxmoot.com\/#\/schema\/logo\/image\/","url":"https:\/\/www.bowmantaxmoot.com\/wp-content\/uploads\/2020\/10\/Dentons_Logo_Purple_RGB_150.png","contentUrl":"https:\/\/www.bowmantaxmoot.com\/wp-content\/uploads\/2020\/10\/Dentons_Logo_Purple_RGB_150.png","width":240,"height":46,"caption":"Dentons"},"image":{"@id":"https:\/\/www.bowmantaxmoot.com\/#\/schema\/logo\/image\/"}}]}},"_links":{"self":[{"href":"https:\/\/www.bowmantaxmoot.com\/fr\/wp-json\/wp\/v2\/pages\/2661","targetHints":{"allow":["GET"]}}],"collection":[{"href":"https:\/\/www.bowmantaxmoot.com\/fr\/wp-json\/wp\/v2\/pages"}],"about":[{"href":"https:\/\/www.bowmantaxmoot.com\/fr\/wp-json\/wp\/v2\/types\/page"}],"author":[{"embeddable":true,"href":"https:\/\/www.bowmantaxmoot.com\/fr\/wp-json\/wp\/v2\/users\/193"}],"replies":[{"embeddable":true,"href":"https:\/\/www.bowmantaxmoot.com\/fr\/wp-json\/wp\/v2\/comments?post=2661"}],"version-history":[{"count":1,"href":"https:\/\/www.bowmantaxmoot.com\/fr\/wp-json\/wp\/v2\/pages\/2661\/revisions"}],"predecessor-version":[{"id":2663,"href":"https:\/\/www.bowmantaxmoot.com\/fr\/wp-json\/wp\/v2\/pages\/2661\/revisions\/2663"}],"up":[{"embeddable":true,"href":"https:\/\/www.bowmantaxmoot.com\/fr\/wp-json\/wp\/v2\/pages\/2658"}],"wp:attachment":[{"href":"https:\/\/www.bowmantaxmoot.com\/fr\/wp-json\/wp\/v2\/media?parent=2661"}],"curies":[{"name":"wp","href":"https:\/\/api.w.org\/{rel}","templated":true}]}}