{"id":2653,"date":"2019-06-26T10:24:37","date_gmt":"2019-06-26T10:24:37","guid":{"rendered":"http:\/\/bowmantaxmoot.dentons-stage.blend.support\/juges-du-concours-bowman\/2019-bowman-moot-panelists-3\/"},"modified":"2020-10-29T21:42:51","modified_gmt":"2020-10-29T21:42:51","slug":"juges-du-concours-bowman-2019","status":"publish","type":"page","link":"https:\/\/www.bowmantaxmoot.com\/fr\/juges-du-concours-bowman\/juges-du-concours-bowman-2019\/","title":{"rendered":"Juges du concours Bowman 2019"},"content":{"rendered":"\n<p><strong>Membres de la magistrature<\/strong><\/p>\n\n\n\n<p>L\u2019honorable David Stratas, Cour d\u2019appel f\u00e9d\u00e9rale<br>L\u2019honorable Wyman Webb, Cour d\u2019appel f\u00e9d\u00e9rale<br>L\u2019honorable Judith Woods, Cour d\u2019appel f\u00e9d\u00e9rale<br>L\u2019honorable Lucie Lamarre, juge en chef adjointe de la Cour canadienne de l\u2019imp\u00f4t<br>L\u2019honorable Patrick J. Boyle, Cour canadienne de l\u2019imp\u00f4t<br>L\u2019honorable David E. Graham, Cour canadienne de l\u2019imp\u00f4t<br>L\u2019honorable Don Sommerfeldt, Cour canadienne de l\u2019imp\u00f4t<br>L\u2019honorable K. A. Siobhan Monaghan, Cour canadienne de l\u2019imp\u00f4t<br>L\u2019honorable Ronald MacPhee, Cour canadienne de l\u2019imp\u00f4t<\/p>\n\n\n\n<p><strong>Membres du Barreau<\/strong><\/p>\n\n\n\n<p>Neil Bass, Aird &amp; Berlis<br>Angelo Gentile, Aird &amp; Berlis<br>Mark Tonkovich, Blake, Cassels &amp; Graydon<br>Sunita Doobay, Blaney McMurtry<br>Chris McClelland, Blaney McMurtry<br>Hasan Naqvi, Blaney McMurtry<br>Bobby Solhi, Borden Ladner Gervais<br>Wayne Adams, Fondation canadienne de fiscalit\u00e9<br>Yoni Moussadji, Counter Tax Law<br>Laura Zubot, Counter Tax Law<br>Stephen Ruby, Davies<br>Bobby Sood, Davies<br>Simon Lemieux, Deloitte Tax Law<br>Dave Muha, Deloitte Tax Law<br>Earl Miller, Dentons Canada<br>Suzanie Chua, Minist\u00e8re de la Justice Canada<br>Leo Elias, Minist\u00e8re de la Justice Canada<br>Michael Ezri, Minist\u00e8re de la Justice Canada<br>Fran\u00e7ois Barette, Fasken<br>John Sorensen, Gowling WLG<br>David Stevens, Gowling WLG<br>Dan Morrison, KPMG<br>Salvatore Mirandola, McCarthy T\u00e9trault<br>Pooja Mihailovich, Osler, Hoskin &amp; Harcourt<br>Mary Paterson, Osler, Hoskin &amp; Harcourt<br>Tim Fitzsimmons, PwC<br>Lindsay Gwyer, Stikeman Elliott<br>Rebecca Potter, Thorsteinssons<\/p>\n","protected":false},"excerpt":{"rendered":"<p>Membres de la magistrature L\u2019honorable David Stratas, Cour d\u2019appel f\u00e9d\u00e9raleL\u2019honorable Wyman Webb, Cour d\u2019appel f\u00e9d\u00e9raleL\u2019honorable Judith Woods, Cour d\u2019appel f\u00e9d\u00e9raleL\u2019honorable [&hellip;]<\/p>\n","protected":false},"author":193,"featured_media":0,"parent":2650,"menu_order":0,"comment_status":"closed","ping_status":"closed","template":"","meta":{"_acf_changed":false,"footnotes":""},"class_list":["post-2653","page","type-page","status-publish","hentry","entry"],"acf":[],"yoast_head":"<!-- This site is optimized with the Yoast SEO plugin v27.4 - https:\/\/yoast.com\/product\/yoast-seo-wordpress\/ -->\n<title>Juges du concours Bowman 2019 - Concours national de plaidoirie en droit fiscal Donald G.H. Bowman<\/title>\n<meta name=\"robots\" content=\"index, follow, max-snippet:-1, max-image-preview:large, max-video-preview:-1\" \/>\n<link rel=\"canonical\" href=\"https:\/\/www.bowmantaxmoot.com\/fr\/juges-du-concours-bowman\/juges-du-concours-bowman-2019\/\" \/>\n<meta property=\"og:locale\" content=\"fr_FR\" \/>\n<meta property=\"og:type\" content=\"article\" \/>\n<meta property=\"og:title\" content=\"Juges du concours Bowman 2019 - Concours national de plaidoirie en droit fiscal Donald G.H. Bowman\" \/>\n<meta property=\"og:description\" content=\"Membres de la magistrature L\u2019honorable David Stratas, Cour d\u2019appel f\u00e9d\u00e9raleL\u2019honorable Wyman Webb, Cour d\u2019appel f\u00e9d\u00e9raleL\u2019honorable Judith Woods, Cour d\u2019appel f\u00e9d\u00e9raleL\u2019honorable [&hellip;]\" \/>\n<meta property=\"og:url\" content=\"https:\/\/www.bowmantaxmoot.com\/fr\/juges-du-concours-bowman\/juges-du-concours-bowman-2019\/\" \/>\n<meta property=\"og:site_name\" content=\"Concours national de plaidoirie en droit fiscal Donald G.H. Bowman\" \/>\n<meta property=\"article:modified_time\" content=\"2020-10-29T21:42:51+00:00\" \/>\n<meta property=\"og:image\" content=\"https:\/\/www.bowmantaxmoot.com\/wp-content\/uploads\/2020\/03\/winner-1-1-scaled.jpg\" \/>\n\t<meta property=\"og:image:width\" content=\"2560\" \/>\n\t<meta property=\"og:image:height\" content=\"1706\" \/>\n\t<meta property=\"og:image:type\" content=\"image\/jpeg\" \/>\n<meta name=\"twitter:card\" content=\"summary_large_image\" \/>\n<meta name=\"twitter:label1\" content=\"Est. reading time\" \/>\n\t<meta name=\"twitter:data1\" content=\"1 minute\" \/>\n<script type=\"application\/ld+json\" class=\"yoast-schema-graph\">{\"@context\":\"https:\\\/\\\/schema.org\",\"@graph\":[{\"@type\":\"WebPage\",\"@id\":\"https:\\\/\\\/www.bowmantaxmoot.com\\\/fr\\\/juges-du-concours-bowman\\\/juges-du-concours-bowman-2019\\\/\",\"url\":\"https:\\\/\\\/www.bowmantaxmoot.com\\\/fr\\\/juges-du-concours-bowman\\\/juges-du-concours-bowman-2019\\\/\",\"name\":\"Juges du concours Bowman 2019 - Concours national de plaidoirie en droit fiscal Donald G.H. Bowman\",\"isPartOf\":{\"@id\":\"https:\\\/\\\/www.bowmantaxmoot.com\\\/#website\"},\"datePublished\":\"2019-06-26T10:24:37+00:00\",\"dateModified\":\"2020-10-29T21:42:51+00:00\",\"breadcrumb\":{\"@id\":\"https:\\\/\\\/www.bowmantaxmoot.com\\\/fr\\\/juges-du-concours-bowman\\\/juges-du-concours-bowman-2019\\\/#breadcrumb\"},\"inLanguage\":\"fr-FR\",\"potentialAction\":[{\"@type\":\"ReadAction\",\"target\":[\"https:\\\/\\\/www.bowmantaxmoot.com\\\/fr\\\/juges-du-concours-bowman\\\/juges-du-concours-bowman-2019\\\/\"]}]},{\"@type\":\"BreadcrumbList\",\"@id\":\"https:\\\/\\\/www.bowmantaxmoot.com\\\/fr\\\/juges-du-concours-bowman\\\/juges-du-concours-bowman-2019\\\/#breadcrumb\",\"itemListElement\":[{\"@type\":\"ListItem\",\"position\":1,\"name\":\"Home\",\"item\":\"https:\\\/\\\/www.bowmantaxmoot.com\\\/fr\\\/home\\\/\"},{\"@type\":\"ListItem\",\"position\":2,\"name\":\"Juges du concours Bowman\",\"item\":\"https:\\\/\\\/www.bowmantaxmoot.com\\\/fr\\\/juges-du-concours-bowman\\\/\"},{\"@type\":\"ListItem\",\"position\":3,\"name\":\"Juges du concours Bowman 2019\"}]},{\"@type\":\"WebSite\",\"@id\":\"https:\\\/\\\/www.bowmantaxmoot.com\\\/#website\",\"url\":\"https:\\\/\\\/www.bowmantaxmoot.com\\\/\",\"name\":\"Concours national de plaidoirie en droit fiscal Donald G.H. Bowman\",\"description\":\"6 mars \u2013 7 mars 2026 \u00b7 Pr\u00e9sent\u00e9 par Dentons\",\"publisher\":{\"@id\":\"https:\\\/\\\/www.bowmantaxmoot.com\\\/#organization\"},\"potentialAction\":[{\"@type\":\"SearchAction\",\"target\":{\"@type\":\"EntryPoint\",\"urlTemplate\":\"https:\\\/\\\/www.bowmantaxmoot.com\\\/?s={search_term_string}\"},\"query-input\":{\"@type\":\"PropertyValueSpecification\",\"valueRequired\":true,\"valueName\":\"search_term_string\"}}],\"inLanguage\":\"fr-FR\"},{\"@type\":\"Organization\",\"@id\":\"https:\\\/\\\/www.bowmantaxmoot.com\\\/#organization\",\"name\":\"Dentons\",\"url\":\"https:\\\/\\\/www.bowmantaxmoot.com\\\/\",\"logo\":{\"@type\":\"ImageObject\",\"inLanguage\":\"fr-FR\",\"@id\":\"https:\\\/\\\/www.bowmantaxmoot.com\\\/#\\\/schema\\\/logo\\\/image\\\/\",\"url\":\"https:\\\/\\\/www.bowmantaxmoot.com\\\/wp-content\\\/uploads\\\/2020\\\/10\\\/Dentons_Logo_Purple_RGB_150.png\",\"contentUrl\":\"https:\\\/\\\/www.bowmantaxmoot.com\\\/wp-content\\\/uploads\\\/2020\\\/10\\\/Dentons_Logo_Purple_RGB_150.png\",\"width\":240,\"height\":46,\"caption\":\"Dentons\"},\"image\":{\"@id\":\"https:\\\/\\\/www.bowmantaxmoot.com\\\/#\\\/schema\\\/logo\\\/image\\\/\"}}]}<\/script>\n<!-- \/ Yoast SEO plugin. -->","yoast_head_json":{"title":"Juges du concours Bowman 2019 - Concours national de plaidoirie en droit fiscal Donald G.H. Bowman","robots":{"index":"index","follow":"follow","max-snippet":"max-snippet:-1","max-image-preview":"max-image-preview:large","max-video-preview":"max-video-preview:-1"},"canonical":"https:\/\/www.bowmantaxmoot.com\/fr\/juges-du-concours-bowman\/juges-du-concours-bowman-2019\/","og_locale":"fr_FR","og_type":"article","og_title":"Juges du concours Bowman 2019 - Concours national de plaidoirie en droit fiscal Donald G.H. Bowman","og_description":"Membres de la magistrature L\u2019honorable David Stratas, Cour d\u2019appel f\u00e9d\u00e9raleL\u2019honorable Wyman Webb, Cour d\u2019appel f\u00e9d\u00e9raleL\u2019honorable Judith Woods, Cour d\u2019appel f\u00e9d\u00e9raleL\u2019honorable [&hellip;]","og_url":"https:\/\/www.bowmantaxmoot.com\/fr\/juges-du-concours-bowman\/juges-du-concours-bowman-2019\/","og_site_name":"Concours national de plaidoirie en droit fiscal Donald G.H. Bowman","article_modified_time":"2020-10-29T21:42:51+00:00","og_image":[{"width":2560,"height":1706,"url":"https:\/\/www.bowmantaxmoot.com\/wp-content\/uploads\/2020\/03\/winner-1-1-scaled.jpg","type":"image\/jpeg"}],"twitter_card":"summary_large_image","twitter_misc":{"Est. reading time":"1 minute"},"schema":{"@context":"https:\/\/schema.org","@graph":[{"@type":"WebPage","@id":"https:\/\/www.bowmantaxmoot.com\/fr\/juges-du-concours-bowman\/juges-du-concours-bowman-2019\/","url":"https:\/\/www.bowmantaxmoot.com\/fr\/juges-du-concours-bowman\/juges-du-concours-bowman-2019\/","name":"Juges du concours Bowman 2019 - Concours national de plaidoirie en droit fiscal Donald G.H. Bowman","isPartOf":{"@id":"https:\/\/www.bowmantaxmoot.com\/#website"},"datePublished":"2019-06-26T10:24:37+00:00","dateModified":"2020-10-29T21:42:51+00:00","breadcrumb":{"@id":"https:\/\/www.bowmantaxmoot.com\/fr\/juges-du-concours-bowman\/juges-du-concours-bowman-2019\/#breadcrumb"},"inLanguage":"fr-FR","potentialAction":[{"@type":"ReadAction","target":["https:\/\/www.bowmantaxmoot.com\/fr\/juges-du-concours-bowman\/juges-du-concours-bowman-2019\/"]}]},{"@type":"BreadcrumbList","@id":"https:\/\/www.bowmantaxmoot.com\/fr\/juges-du-concours-bowman\/juges-du-concours-bowman-2019\/#breadcrumb","itemListElement":[{"@type":"ListItem","position":1,"name":"Home","item":"https:\/\/www.bowmantaxmoot.com\/fr\/home\/"},{"@type":"ListItem","position":2,"name":"Juges du concours Bowman","item":"https:\/\/www.bowmantaxmoot.com\/fr\/juges-du-concours-bowman\/"},{"@type":"ListItem","position":3,"name":"Juges du concours Bowman 2019"}]},{"@type":"WebSite","@id":"https:\/\/www.bowmantaxmoot.com\/#website","url":"https:\/\/www.bowmantaxmoot.com\/","name":"Concours national de plaidoirie en droit fiscal Donald G.H. Bowman","description":"6 mars \u2013 7 mars 2026 \u00b7 Pr\u00e9sent\u00e9 par Dentons","publisher":{"@id":"https:\/\/www.bowmantaxmoot.com\/#organization"},"potentialAction":[{"@type":"SearchAction","target":{"@type":"EntryPoint","urlTemplate":"https:\/\/www.bowmantaxmoot.com\/?s={search_term_string}"},"query-input":{"@type":"PropertyValueSpecification","valueRequired":true,"valueName":"search_term_string"}}],"inLanguage":"fr-FR"},{"@type":"Organization","@id":"https:\/\/www.bowmantaxmoot.com\/#organization","name":"Dentons","url":"https:\/\/www.bowmantaxmoot.com\/","logo":{"@type":"ImageObject","inLanguage":"fr-FR","@id":"https:\/\/www.bowmantaxmoot.com\/#\/schema\/logo\/image\/","url":"https:\/\/www.bowmantaxmoot.com\/wp-content\/uploads\/2020\/10\/Dentons_Logo_Purple_RGB_150.png","contentUrl":"https:\/\/www.bowmantaxmoot.com\/wp-content\/uploads\/2020\/10\/Dentons_Logo_Purple_RGB_150.png","width":240,"height":46,"caption":"Dentons"},"image":{"@id":"https:\/\/www.bowmantaxmoot.com\/#\/schema\/logo\/image\/"}}]}},"_links":{"self":[{"href":"https:\/\/www.bowmantaxmoot.com\/fr\/wp-json\/wp\/v2\/pages\/2653","targetHints":{"allow":["GET"]}}],"collection":[{"href":"https:\/\/www.bowmantaxmoot.com\/fr\/wp-json\/wp\/v2\/pages"}],"about":[{"href":"https:\/\/www.bowmantaxmoot.com\/fr\/wp-json\/wp\/v2\/types\/page"}],"author":[{"embeddable":true,"href":"https:\/\/www.bowmantaxmoot.com\/fr\/wp-json\/wp\/v2\/users\/193"}],"replies":[{"embeddable":true,"href":"https:\/\/www.bowmantaxmoot.com\/fr\/wp-json\/wp\/v2\/comments?post=2653"}],"version-history":[{"count":1,"href":"https:\/\/www.bowmantaxmoot.com\/fr\/wp-json\/wp\/v2\/pages\/2653\/revisions"}],"predecessor-version":[{"id":2655,"href":"https:\/\/www.bowmantaxmoot.com\/fr\/wp-json\/wp\/v2\/pages\/2653\/revisions\/2655"}],"up":[{"embeddable":true,"href":"https:\/\/www.bowmantaxmoot.com\/fr\/wp-json\/wp\/v2\/pages\/2650"}],"wp:attachment":[{"href":"https:\/\/www.bowmantaxmoot.com\/fr\/wp-json\/wp\/v2\/media?parent=2653"}],"curies":[{"name":"wp","href":"https:\/\/api.w.org\/{rel}","templated":true}]}}