{"id":2652,"date":"2020-03-02T22:36:47","date_gmt":"2020-03-02T22:36:47","guid":{"rendered":"http:\/\/bowmantaxmoot.dentons-stage.blend.support\/juges-du-concours-bowman\/2020-bowman-moot-panelists-2\/"},"modified":"2020-10-29T21:42:02","modified_gmt":"2020-10-29T21:42:02","slug":"juges-du-concours-bowman-2020","status":"publish","type":"page","link":"https:\/\/www.bowmantaxmoot.com\/fr\/juges-du-concours-bowman\/juges-du-concours-bowman-2020\/","title":{"rendered":"Juges du concours Bowman 2020"},"content":{"rendered":"\n<p><strong>Membres de la magistrature<\/strong><\/p>\n\n\n\n<p>L\u2019honorable Judith M. Woods, Cour d\u2019appel f\u00e9d\u00e9rale<br>L\u2019honorable Lucie Lamarre, Cour canadienne de l\u2019imp\u00f4t<br>L\u2019honorable Patrick J. Boyle, Cour canadienne de l\u2019imp\u00f4t<br>L\u2019honorable Stephen K. D\u2019Arcy, Cour canadienne de l\u2019imp\u00f4t<br>L\u2019honorable David E. Graham, Cour canadienne de l\u2019imp\u00f4t<br>L\u2019honorable Don R. Sommerfeldt, Cour canadienne de l\u2019imp\u00f4t<br>L\u2019honorable Henry A. Visser, Cour canadienne de l\u2019imp\u00f4t<br>L\u2019honorable K.A. Siobhan Monaghan, Cour canadienne de l\u2019imp\u00f4t<br>L\u2019honorable Susan Wong, Cour canadienne de l\u2019imp\u00f4t<br>L\u2019honorable David E. Spiro, Cour canadienne de l\u2019imp\u00f4t<\/p>\n\n\n\n<p><strong>Membres du Barreau<\/strong><\/p>\n\n\n\n<p>Wayne Adams, Fondation canadienne de fiscalit\u00e9<br>Fran\u00e7ois Barette, Fasken<br>Suzanie Chua, Minist\u00e8re de la Justice<br>Michael Collinge, Deloitte Canada<br>Sunita Doobay, Blaney McMurtry LLP<br>Leo Elias, Minist\u00e8re de la Justice<br>Marissa Figlarz, Minist\u00e8re de la Justice<br>Tim Fitzsimmons, PwC Canada<br>Martin Gentile, KPMG cabinet juridique<br>Kyle Lamothe, Thorsteinssons LLP<br>Louis L\u2019Heureux, Minist\u00e8re de la Justice<br>Pooja Mihailovich, Osler, Hoskin &amp; Harcourt S.E.N.C.R.L.\/s.r.l.<br>Yoni Moussadji, RSM Canada<br>Salvatore Mirandola, McCarthy T\u00e9trault S.E.N.C.R.L.\/s.r.l.<br>Margaret Nixon, Stikeman Elliott S.E.N.C.R.L.\/s.r.l.<br>Mary Paterson, Osler, Hoskin &amp; Harcourt S.E.N.C.R.L.\/s.r.l.<br>Rebecca Potter, Thorsteinssons LLP<br>James Roberts, Counter Tax Law<br>Florence Sauv\u00e9, Thorsteinssons LLP<br>Joel Scheuerman, Deloitte Canada<br>Bobby Solhi, Borden Ladner Gervais S.E.N.C.R.L., s.r.l.<br>John Sorensen, Gowling WLG<br>Doug Stewart, Dentons S.E.N.C.R.L.<br>Louise Summerhill, Aird &amp; Berlis LLP<br>Mark Tonkovich, Blakes<br>Jonathan Willson, Stikeman Elliott S.E.N.C.R.L.\/s.r.l.<br>John Yuan, McCarthy T\u00e9trault S.E.N.C.R.L.\/s.r.l.<\/p>\n","protected":false},"excerpt":{"rendered":"<p>Membres de la magistrature L\u2019honorable Judith M. Woods, Cour d\u2019appel f\u00e9d\u00e9raleL\u2019honorable Lucie Lamarre, Cour canadienne de l\u2019imp\u00f4tL\u2019honorable Patrick J. Boyle, [&hellip;]<\/p>\n","protected":false},"author":193,"featured_media":0,"parent":2650,"menu_order":0,"comment_status":"closed","ping_status":"closed","template":"","meta":{"_acf_changed":false,"footnotes":""},"class_list":["post-2652","page","type-page","status-publish","hentry","entry"],"acf":[],"yoast_head":"<!-- This site is optimized with the Yoast SEO plugin v27.4 - https:\/\/yoast.com\/product\/yoast-seo-wordpress\/ -->\n<title>Juges du concours Bowman 2020 - Concours national de plaidoirie en droit fiscal Donald G.H. Bowman<\/title>\n<meta name=\"robots\" content=\"index, follow, max-snippet:-1, max-image-preview:large, max-video-preview:-1\" \/>\n<link rel=\"canonical\" href=\"https:\/\/www.bowmantaxmoot.com\/fr\/juges-du-concours-bowman\/juges-du-concours-bowman-2020\/\" \/>\n<meta property=\"og:locale\" content=\"fr_FR\" \/>\n<meta property=\"og:type\" content=\"article\" \/>\n<meta property=\"og:title\" content=\"Juges du concours Bowman 2020 - Concours national de plaidoirie en droit fiscal Donald G.H. Bowman\" \/>\n<meta property=\"og:description\" content=\"Membres de la magistrature L\u2019honorable Judith M. Woods, Cour d\u2019appel f\u00e9d\u00e9raleL\u2019honorable Lucie Lamarre, Cour canadienne de l\u2019imp\u00f4tL\u2019honorable Patrick J. Boyle, [&hellip;]\" \/>\n<meta property=\"og:url\" content=\"https:\/\/www.bowmantaxmoot.com\/fr\/juges-du-concours-bowman\/juges-du-concours-bowman-2020\/\" \/>\n<meta property=\"og:site_name\" content=\"Concours national de plaidoirie en droit fiscal Donald G.H. Bowman\" \/>\n<meta property=\"article:modified_time\" content=\"2020-10-29T21:42:02+00:00\" \/>\n<meta property=\"og:image\" content=\"https:\/\/www.bowmantaxmoot.com\/wp-content\/uploads\/2020\/03\/winner-1-1-scaled.jpg\" \/>\n\t<meta property=\"og:image:width\" content=\"2560\" \/>\n\t<meta property=\"og:image:height\" content=\"1706\" \/>\n\t<meta property=\"og:image:type\" content=\"image\/jpeg\" \/>\n<meta name=\"twitter:card\" content=\"summary_large_image\" \/>\n<meta name=\"twitter:label1\" content=\"Est. reading time\" \/>\n\t<meta name=\"twitter:data1\" content=\"1 minute\" \/>\n<script type=\"application\/ld+json\" class=\"yoast-schema-graph\">{\"@context\":\"https:\\\/\\\/schema.org\",\"@graph\":[{\"@type\":\"WebPage\",\"@id\":\"https:\\\/\\\/www.bowmantaxmoot.com\\\/fr\\\/juges-du-concours-bowman\\\/juges-du-concours-bowman-2020\\\/\",\"url\":\"https:\\\/\\\/www.bowmantaxmoot.com\\\/fr\\\/juges-du-concours-bowman\\\/juges-du-concours-bowman-2020\\\/\",\"name\":\"Juges du concours Bowman 2020 - Concours national de plaidoirie en droit fiscal Donald G.H. Bowman\",\"isPartOf\":{\"@id\":\"https:\\\/\\\/www.bowmantaxmoot.com\\\/#website\"},\"datePublished\":\"2020-03-02T22:36:47+00:00\",\"dateModified\":\"2020-10-29T21:42:02+00:00\",\"breadcrumb\":{\"@id\":\"https:\\\/\\\/www.bowmantaxmoot.com\\\/fr\\\/juges-du-concours-bowman\\\/juges-du-concours-bowman-2020\\\/#breadcrumb\"},\"inLanguage\":\"fr-FR\",\"potentialAction\":[{\"@type\":\"ReadAction\",\"target\":[\"https:\\\/\\\/www.bowmantaxmoot.com\\\/fr\\\/juges-du-concours-bowman\\\/juges-du-concours-bowman-2020\\\/\"]}]},{\"@type\":\"BreadcrumbList\",\"@id\":\"https:\\\/\\\/www.bowmantaxmoot.com\\\/fr\\\/juges-du-concours-bowman\\\/juges-du-concours-bowman-2020\\\/#breadcrumb\",\"itemListElement\":[{\"@type\":\"ListItem\",\"position\":1,\"name\":\"Home\",\"item\":\"https:\\\/\\\/www.bowmantaxmoot.com\\\/fr\\\/home\\\/\"},{\"@type\":\"ListItem\",\"position\":2,\"name\":\"Juges du concours Bowman\",\"item\":\"https:\\\/\\\/www.bowmantaxmoot.com\\\/fr\\\/juges-du-concours-bowman\\\/\"},{\"@type\":\"ListItem\",\"position\":3,\"name\":\"Juges du concours Bowman 2020\"}]},{\"@type\":\"WebSite\",\"@id\":\"https:\\\/\\\/www.bowmantaxmoot.com\\\/#website\",\"url\":\"https:\\\/\\\/www.bowmantaxmoot.com\\\/\",\"name\":\"Concours national de plaidoirie en droit fiscal Donald G.H. Bowman\",\"description\":\"6 mars \u2013 7 mars 2026 \u00b7 Pr\u00e9sent\u00e9 par Dentons\",\"publisher\":{\"@id\":\"https:\\\/\\\/www.bowmantaxmoot.com\\\/#organization\"},\"potentialAction\":[{\"@type\":\"SearchAction\",\"target\":{\"@type\":\"EntryPoint\",\"urlTemplate\":\"https:\\\/\\\/www.bowmantaxmoot.com\\\/?s={search_term_string}\"},\"query-input\":{\"@type\":\"PropertyValueSpecification\",\"valueRequired\":true,\"valueName\":\"search_term_string\"}}],\"inLanguage\":\"fr-FR\"},{\"@type\":\"Organization\",\"@id\":\"https:\\\/\\\/www.bowmantaxmoot.com\\\/#organization\",\"name\":\"Dentons\",\"url\":\"https:\\\/\\\/www.bowmantaxmoot.com\\\/\",\"logo\":{\"@type\":\"ImageObject\",\"inLanguage\":\"fr-FR\",\"@id\":\"https:\\\/\\\/www.bowmantaxmoot.com\\\/#\\\/schema\\\/logo\\\/image\\\/\",\"url\":\"https:\\\/\\\/www.bowmantaxmoot.com\\\/wp-content\\\/uploads\\\/2020\\\/10\\\/Dentons_Logo_Purple_RGB_150.png\",\"contentUrl\":\"https:\\\/\\\/www.bowmantaxmoot.com\\\/wp-content\\\/uploads\\\/2020\\\/10\\\/Dentons_Logo_Purple_RGB_150.png\",\"width\":240,\"height\":46,\"caption\":\"Dentons\"},\"image\":{\"@id\":\"https:\\\/\\\/www.bowmantaxmoot.com\\\/#\\\/schema\\\/logo\\\/image\\\/\"}}]}<\/script>\n<!-- \/ Yoast SEO plugin. -->","yoast_head_json":{"title":"Juges du concours Bowman 2020 - Concours national de plaidoirie en droit fiscal Donald G.H. Bowman","robots":{"index":"index","follow":"follow","max-snippet":"max-snippet:-1","max-image-preview":"max-image-preview:large","max-video-preview":"max-video-preview:-1"},"canonical":"https:\/\/www.bowmantaxmoot.com\/fr\/juges-du-concours-bowman\/juges-du-concours-bowman-2020\/","og_locale":"fr_FR","og_type":"article","og_title":"Juges du concours Bowman 2020 - Concours national de plaidoirie en droit fiscal Donald G.H. Bowman","og_description":"Membres de la magistrature L\u2019honorable Judith M. Woods, Cour d\u2019appel f\u00e9d\u00e9raleL\u2019honorable Lucie Lamarre, Cour canadienne de l\u2019imp\u00f4tL\u2019honorable Patrick J. Boyle, [&hellip;]","og_url":"https:\/\/www.bowmantaxmoot.com\/fr\/juges-du-concours-bowman\/juges-du-concours-bowman-2020\/","og_site_name":"Concours national de plaidoirie en droit fiscal Donald G.H. Bowman","article_modified_time":"2020-10-29T21:42:02+00:00","og_image":[{"width":2560,"height":1706,"url":"https:\/\/www.bowmantaxmoot.com\/wp-content\/uploads\/2020\/03\/winner-1-1-scaled.jpg","type":"image\/jpeg"}],"twitter_card":"summary_large_image","twitter_misc":{"Est. reading time":"1 minute"},"schema":{"@context":"https:\/\/schema.org","@graph":[{"@type":"WebPage","@id":"https:\/\/www.bowmantaxmoot.com\/fr\/juges-du-concours-bowman\/juges-du-concours-bowman-2020\/","url":"https:\/\/www.bowmantaxmoot.com\/fr\/juges-du-concours-bowman\/juges-du-concours-bowman-2020\/","name":"Juges du concours Bowman 2020 - Concours national de plaidoirie en droit fiscal Donald G.H. Bowman","isPartOf":{"@id":"https:\/\/www.bowmantaxmoot.com\/#website"},"datePublished":"2020-03-02T22:36:47+00:00","dateModified":"2020-10-29T21:42:02+00:00","breadcrumb":{"@id":"https:\/\/www.bowmantaxmoot.com\/fr\/juges-du-concours-bowman\/juges-du-concours-bowman-2020\/#breadcrumb"},"inLanguage":"fr-FR","potentialAction":[{"@type":"ReadAction","target":["https:\/\/www.bowmantaxmoot.com\/fr\/juges-du-concours-bowman\/juges-du-concours-bowman-2020\/"]}]},{"@type":"BreadcrumbList","@id":"https:\/\/www.bowmantaxmoot.com\/fr\/juges-du-concours-bowman\/juges-du-concours-bowman-2020\/#breadcrumb","itemListElement":[{"@type":"ListItem","position":1,"name":"Home","item":"https:\/\/www.bowmantaxmoot.com\/fr\/home\/"},{"@type":"ListItem","position":2,"name":"Juges du concours Bowman","item":"https:\/\/www.bowmantaxmoot.com\/fr\/juges-du-concours-bowman\/"},{"@type":"ListItem","position":3,"name":"Juges du concours Bowman 2020"}]},{"@type":"WebSite","@id":"https:\/\/www.bowmantaxmoot.com\/#website","url":"https:\/\/www.bowmantaxmoot.com\/","name":"Concours national de plaidoirie en droit fiscal Donald G.H. Bowman","description":"6 mars \u2013 7 mars 2026 \u00b7 Pr\u00e9sent\u00e9 par Dentons","publisher":{"@id":"https:\/\/www.bowmantaxmoot.com\/#organization"},"potentialAction":[{"@type":"SearchAction","target":{"@type":"EntryPoint","urlTemplate":"https:\/\/www.bowmantaxmoot.com\/?s={search_term_string}"},"query-input":{"@type":"PropertyValueSpecification","valueRequired":true,"valueName":"search_term_string"}}],"inLanguage":"fr-FR"},{"@type":"Organization","@id":"https:\/\/www.bowmantaxmoot.com\/#organization","name":"Dentons","url":"https:\/\/www.bowmantaxmoot.com\/","logo":{"@type":"ImageObject","inLanguage":"fr-FR","@id":"https:\/\/www.bowmantaxmoot.com\/#\/schema\/logo\/image\/","url":"https:\/\/www.bowmantaxmoot.com\/wp-content\/uploads\/2020\/10\/Dentons_Logo_Purple_RGB_150.png","contentUrl":"https:\/\/www.bowmantaxmoot.com\/wp-content\/uploads\/2020\/10\/Dentons_Logo_Purple_RGB_150.png","width":240,"height":46,"caption":"Dentons"},"image":{"@id":"https:\/\/www.bowmantaxmoot.com\/#\/schema\/logo\/image\/"}}]}},"_links":{"self":[{"href":"https:\/\/www.bowmantaxmoot.com\/fr\/wp-json\/wp\/v2\/pages\/2652","targetHints":{"allow":["GET"]}}],"collection":[{"href":"https:\/\/www.bowmantaxmoot.com\/fr\/wp-json\/wp\/v2\/pages"}],"about":[{"href":"https:\/\/www.bowmantaxmoot.com\/fr\/wp-json\/wp\/v2\/types\/page"}],"author":[{"embeddable":true,"href":"https:\/\/www.bowmantaxmoot.com\/fr\/wp-json\/wp\/v2\/users\/193"}],"replies":[{"embeddable":true,"href":"https:\/\/www.bowmantaxmoot.com\/fr\/wp-json\/wp\/v2\/comments?post=2652"}],"version-history":[{"count":1,"href":"https:\/\/www.bowmantaxmoot.com\/fr\/wp-json\/wp\/v2\/pages\/2652\/revisions"}],"predecessor-version":[{"id":2654,"href":"https:\/\/www.bowmantaxmoot.com\/fr\/wp-json\/wp\/v2\/pages\/2652\/revisions\/2654"}],"up":[{"embeddable":true,"href":"https:\/\/www.bowmantaxmoot.com\/fr\/wp-json\/wp\/v2\/pages\/2650"}],"wp:attachment":[{"href":"https:\/\/www.bowmantaxmoot.com\/fr\/wp-json\/wp\/v2\/media?parent=2652"}],"curies":[{"name":"wp","href":"https:\/\/api.w.org\/{rel}","templated":true}]}}